{"id":8300,"date":"2018-12-20T11:10:16","date_gmt":"2018-12-20T02:10:16","guid":{"rendered":"http:\/\/www.alli-ex.com\/?page_id=8300"},"modified":"2019-03-11T17:56:39","modified_gmt":"2019-03-11T08:56:39","slug":"3_2_ceomsg_vi","status":"publish","type":"page","link":"https:\/\/www.alli-ex.com\/?page_id=8300&lang=vi","title":{"rendered":"3_2_ceomsg_vi"},"content":{"rendered":"<div class=\"wpb-content-wrapper\"><p>[vc_row content_width=&#8221;grid&#8221;][vc_column][vc_row_inner][vc_column_inner width=&#8221;1\/6&#8243;][\/vc_column_inner][vc_column_inner width=&#8221;2\/3&#8243;]\n<blockquote class=\"qodef-blockquote-shortcode\"  >\n\t<h4 class=\"qodef-blockquote-text\">\n\t<span>C\u00f3 h\u00e0ng tr\u0103m l\u00fd do t\u1ea1i sao kh\u00f4ng n\u00ean l\u00e0m \u0111i\u1ec1u \u0111\u00f3. Tuy nhi\u00ean, n\u1ebfu ch\u00fang ta c\u00f3 m\u1ed9t l\u00fd do \u0111\u1ec3 ti\u1ebfp t\u1ee5c, ch\u00fang ta ti\u1ebfp t\u1ee5c v\u1edbi n\u00f3. Nh\u1eefng g\u00ec ch\u00fang t\u00f4i l\u00e0m l\u00e0 d\u1ef1a tr\u00ean con ng\u01b0\u1eddi. Con ng\u01b0\u1eddi m\u1edbi l\u00e0 quan tr\u1ecdng nh\u1ea5t. D\u00f9 b\u1ea1n c\u00f3 gi\u1ecfi \u0111\u1ebfn \u0111\u00e2u \u0111i n\u1eefa b\u1ea1n c\u0169ng kh\u00f4ng th\u1ebb s\u1ed1ng s\u00f3t n\u1ebfu ch\u1ec9 c\u00f3 m\u1ed9t m\u00ecnh. \u201c\u0110i\u1ec1u tuy\u1ec7t v\u1eddi nh\u1ea5t \u1edf c\u00f4ng vi\u1ec7c c\u1ee7a t\u00f4i\u201d l\u00e0 t\u1ea1o ra gi\u00e1 tr\u1ecb c\u1ee7a \u201cCh\u00fang ta\u201d.<\/span>\n\t<\/h4>\n<\/blockquote>[\/vc_column_inner][vc_column_inner width=&#8221;1\/6&#8243;][\/vc_column_inner][\/vc_row_inner][vc_empty_space height=&#8221;70px&#8221;][vc_column_text]<\/p>\n<h2>Key Word 1.\u00a0<b>Th\u1eed th\u00e1ch<\/b><\/h2>\n<p>[\/vc_column_text][vc_column_text]<\/p>\n<h4>Alliex lu\u00f4n lu\u00f4n n\u1ed7 l\u1ef1c \u0111\u1ec3 t\u1ea1o ra nh\u1eefng c\u01a1 h\u1ed9i m\u1edbi. C\u01a1 h\u1ed9i \u0111\u01b0\u01a1ng nhi\u00ean kh\u00f4ng t\u1ef1 d\u01b0ng xu\u1ea5t hi\u1ec7n v\u00e0 th\u00e0nh c\u00f4ng c\u0169ng kh\u00f4ng t\u1ef1 d\u01b0ng m\u00e0 c\u00f3. S\u1ef1 th\u1eadt l\u00e0 khi b\u1eaft \u0111\u1ea7u m\u1ed9t vi\u1ec7c m\u1edbi, c\u00f3 r\u1ea5t nhi\u1ec1u \u0111i\u1ec1u ph\u1ea3i b\u1eadn t\u00e2m. R\u1ea5t nhi\u1ec1u l\u00ed do hay r\u1ee7i ro ph\u00eda tr\u01b0\u1edbc.<\/h4>\n<h4>T\u00f4i ngh\u0129 r\u1eb1ng ch\u1ec9 c\u00f3 m\u1ed9t l\u00ed do duy nh\u1ea5t \u0111\u1ec3 th\u00e0nh c\u00f4ng. \u0110\u00f3 ch\u00ednh l\u00e0 vi\u1ec7c m\u1ed7i ng\u01b0\u1eddi t\u1ef1 t\u00ecm l\u1ea5y cho m\u00ecnh 1 l\u00ed do \u0111\u1ec3 th\u1ef1c hi\u1ec7n v\u00e0 h\u00e3y th\u1eed th\u00e1ch v\u1edbi n\u00f3.<br \/>\n\u0110\u00e2y ch\u00ednh l\u00e0 tinh th\u1ea7n c\u1ee7a Alliex.<\/h4>\n<p>[\/vc_column_text][vc_empty_space height=&#8221;30px&#8221;][vc_column_text]<\/p>\n<h2>Key Word 2. Con ng\u01b0\u1eddi<\/h2>\n<p>[\/vc_column_text][vc_column_text]<\/p>\n<h4>T\u00e0i s\u1ea3n v\u00e0 s\u1ee9c c\u1ea1nh tranh l\u1edbn nh\u1ea5t c\u1ee7a Alliex ch\u00ednh l\u00e0 \u201ccon ng\u01b0\u1eddi\u201d. C\u00f4ng ngh\u1ec7 v\u00e0 n\u0103ng l\u1ef1c thi\u1ebft l\u1eadp, th\u1ef1c hi\u1ec7n chi\u1ebfn l\u01b0\u1ee3c nh\u01b0 m\u1ed9t gi\u00e1 tr\u1ecb c\u1ed1t l\u00f5i c\u1ee7a Alliex c\u0169ng ch\u1ec9 l\u00e0 t\u00e0i nguy\u00ean v\u00f4 h\u00ecnh.<\/h4>\n<h4>N\u00f3 kh\u00f4ng ph\u1ea3i l\u00e0 nh\u00e0 m\u00e1y s\u1ea3n xu\u1ea5t quy m\u00f4 l\u1edbn, hay d\u00e2y chuy\u1ec1n ph\u00e2n ph\u1ed1i m\u00e0 n\u00f3 \u0111\u01a1n thu\u1ea7n l\u00e0 kh\u1ea3 n\u0103ng do con ng\u01b0\u1eddi s\u1edf h\u1eefu. \u201cNg\u01b0\u1eddi\u201d c\u1ee7a Alliex, \u201cNg\u01b0\u1eddi\u201d b\u00ean \u0111\u1ed1i t\u00e1c c\u1ee7a Alliex \u2013 nh\u1eefng ng\u01b0\u1eddi n\u00e0y c\u0169ng nhau l\u00e0m n\u00ean l\u1ed1i \u0111i v\u00e0 n\u00f3 ch\u00ednh l\u00e0 con \u0111\u01b0\u1eddng \u0111i c\u1ee7a Alliex.<\/h4>\n<p>[\/vc_column_text][vc_empty_space height=&#8221;30px&#8221;][vc_column_text]<\/p>\n<h2>Key Word 3. Tin t\u01b0\u1edfng<\/h2>\n<p>[\/vc_column_text][vc_column_text]<\/p>\n<h4>Alliex l\u00e0 t\u1eeb k\u1ebft h\u1ee3p gi\u1eefa Alliance v\u00e0 Exchange.<\/h4>\n<h4>Alliance mang \u00fd ngh\u0129a l\u00e0 \u201c\u0110\u1ed3ng minh\u201d h\u01a1n l\u00e0 \u201c\u0110\u1ed1i t\u00e1c\u201d<br \/>\nC\u00e1i t\u00ean n\u00e0y \u0111\u01b0\u1ee3c l\u1eadp ra t\u1eeb vi\u1ec7c coi \u0110\u1ed1i t\u00e1c l\u00e0 \u0110\u1ed3ng minh \u0111\u1ec3 c\u00f9ng chia s\u1ebb v\u1edbi nhau nh\u1eefng \u0111i\u1ec3m m\u1ea1nh c\u1ee7a m\u00ecnh v\u1edbi \u00fd ch\u00ed c\u00f9ng nhau t\u1ea1o ra c\u01a1 h\u1ed9i l\u1edbn h\u01a1n gi\u1eefa c\u00f4ng cu\u1ed9c c\u1ea1nh tranh kh\u1ed1c li\u1ec7t.<\/h4>\n<h4>Vi\u1ec7c x\u00e2y d\u1ef1ng ni\u1ec1m tin v\u00e0 \u00fd ch\u00ed m\u00e3nh li\u1ec7t v\u1edbi \u0110\u1ed3ng minh ch\u00ednh l\u00e0 tri\u1ebft l\u00ed kinh doanh c\u1ee7a t\u00f4i.<br \/>\nTrong c\u00f4ng cu\u1ed9c c\u1ea1nh tranh to\u00e0n c\u1ea7u, so v\u1edbi vi\u1ec7c \u201cm\u1ed9t m\u00ecnh\u201d th\u00ec \u201cc\u00f9ng nhau\u201d, coi tr\u1ecdng \u201cNg\u00e0y mai\u201d<\/h4>\n<h4>kh\u00f4ng k\u00e9m \u201cH\u00f4m nay\u201d ch\u00ednh l\u00e0 nh\u1eefng g\u00ec m\u00e0 Alliex ch\u00fang t\u00f4i h\u01b0\u1edbng t\u1edbi.<\/h4>\n<p>[\/vc_column_text][vc_empty_space height=&#8221;70px&#8221;][\/vc_column][\/vc_row]<\/p>\n<\/div>","protected":false},"excerpt":{"rendered":"<a href=\"https:\/\/www.alli-ex.com\/?page_id=8300&lang=vi\"><img decoding=\"async\" width=\"300\" src=\"\" class=\"alignleft wp-post-image tfe\" alt=\"\" title=\"\" \/><\/a><p>[vc_row content_width=&#8221;grid&#8221;][vc_column][vc_row_inner][vc_column_inner width=&#8221;1\/6&#8243;][\/vc_column_inner][vc_column_inner width=&#8221;2\/3&#8243;][\/vc_column_inner][vc_column_inner width=&#8221;1\/6&#8243;][\/vc_column_inner][\/vc_row_inner][vc_empty_space height=&#8221;70px&#8221;][vc_column_text] Key Word 1.\u00a0Th\u1eed th\u00e1ch [\/vc_column_text][vc_column_text] Alliex lu\u00f4n lu\u00f4n n\u1ed7 l\u1ef1c \u0111\u1ec3 t\u1ea1o ra nh\u1eefng c\u01a1 h\u1ed9i m\u1edbi. C\u01a1 h\u1ed9i \u0111\u01b0\u01a1ng nhi\u00ean kh\u00f4ng t\u1ef1 d\u01b0ng xu\u1ea5t hi\u1ec7n v\u00e0 th\u00e0nh c\u00f4ng c\u0169ng kh\u00f4ng t\u1ef1 d\u01b0ng m\u00e0 c\u00f3. S\u1ef1 th\u1eadt l\u00e0 khi&#8230;<\/p>\n","protected":false},"author":1,"featured_media":0,"parent":0,"menu_order":0,"comment_status":"closed","ping_status":"closed","template":"","meta":{"footnotes":""},"class_list":["post-8300","page","type-page","status-publish","hentry"],"_links":{"self":[{"href":"https:\/\/www.alli-ex.com\/index.php?rest_route=\/wp\/v2\/pages\/8300","targetHints":{"allow":["GET"]}}],"collection":[{"href":"https:\/\/www.alli-ex.com\/index.php?rest_route=\/wp\/v2\/pages"}],"about":[{"href":"https:\/\/www.alli-ex.com\/index.php?rest_route=\/wp\/v2\/types\/page"}],"author":[{"embeddable":true,"href":"https:\/\/www.alli-ex.com\/index.php?rest_route=\/wp\/v2\/users\/1"}],"replies":[{"embeddable":true,"href":"https:\/\/www.alli-ex.com\/index.php?rest_route=%2Fwp%2Fv2%2Fcomments&post=8300"}],"version-history":[{"count":3,"href":"https:\/\/www.alli-ex.com\/index.php?rest_route=\/wp\/v2\/pages\/8300\/revisions"}],"predecessor-version":[{"id":8417,"href":"https:\/\/www.alli-ex.com\/index.php?rest_route=\/wp\/v2\/pages\/8300\/revisions\/8417"}],"wp:attachment":[{"href":"https:\/\/www.alli-ex.com\/index.php?rest_route=%2Fwp%2Fv2%2Fmedia&parent=8300"}],"curies":[{"name":"wp","href":"https:\/\/api.w.org\/{rel}","templated":true}]}}