{"id":8309,"date":"2018-12-20T11:46:01","date_gmt":"2018-12-20T02:46:01","guid":{"rendered":"http:\/\/www.alli-ex.com\/?page_id=8309"},"modified":"2018-12-26T17:05:21","modified_gmt":"2018-12-26T08:05:21","slug":"1_2_mobileservice_vi","status":"publish","type":"page","link":"https:\/\/www.alli-ex.com\/?page_id=8309&lang=vi","title":{"rendered":"1_2_mobileservice_vi"},"content":{"rendered":"<div class=\"wpb-content-wrapper\"><p>[vc_row row_type=&#8221;parallax&#8221; content_width=&#8221;grid&#8221; content_aligment=&#8221;center&#8221; full_screen_section_height=&#8221;yes&#8221; vertically_align_content_in_middle=&#8221;yes&#8221; parallax_background_image=&#8221;1024&#8243; css=&#8221;.vc_custom_1516701799361{padding-right: 0px !important;padding-left: 0px !important;}&#8221;][vc_column][vc_empty_space height=&#8221;180px&#8221;]<div class=\"qodef-elements-holder qodef-responsive-mode-768\" ><div class=\"qodef-elements-holder-item qodef-vertical-alignment-middle qodef-horizontal-alignment-center qodef-grow-in\" >\r\n\t<div class=\"qodef-elements-holder-item-inner\">\r\n\t\t<div class=\"qodef-elements-holder-item-content qodef-elements-holder-custom-698545\" style=\"padding: 11px 12% 28% 15%\">\r\n\t\t\t\t\t\t<style type=\"text\/css\" data-type=\"qodef-elements-custom-padding\">\r\n\t\t\t\t\t\t\t\t@media only screen and (min-width: 1280px) and (max-width: 1600px) {\r\n\t\t\t\t\t.qodef-elements-holder .qodef-elements-holder-item-content.qodef-elements-holder-custom-698545 {\r\n\t\t\t\t\t\tpadding: 10% 12% 28% 15% !important;\r\n\t\t\t\t\t}\r\n\t\t\t\t}\r\n\t\t\t\t\t\t\t\t\t\t\t\t\t@media only screen and (min-width: 1024px) and (max-width: 1280px) {\r\n\t\t\t\t\t\t.qodef-elements-holder .qodef-elements-holder-item-content.qodef-elements-holder-custom-698545 {\r\n\t\t\t\t\t\t\tpadding: 10% 12% 28% 15% !important;\r\n\t\t\t\t\t\t}\r\n\t\t\t\t\t}\r\n\t\t\t\t\t\t\t\t\t\t\t\t@media only screen and (min-width: 768px) and (max-width: 1024px) {\r\n\t\t\t\t\t.qodef-elements-holder .qodef-elements-holder-item-content.qodef-elements-holder-custom-698545 {\r\n\t\t\t\t\t\tpadding:  !important;\r\n\t\t\t\t\t}\r\n\t\t\t\t}\r\n\t\t\t\t\t\t\t\t\t\t\t\t@media only screen and (min-width: 600px) and (max-width: 768px) {\r\n\t\t\t\t\t.qodef-elements-holder .qodef-elements-holder-item-content.qodef-elements-holder-custom-698545 {\r\n\t\t\t\t\t\tpadding:  !important;\r\n\t\t\t\t\t}\r\n\t\t\t\t}\r\n\t\t\t\t\t\t\t\t\t\t\t\t@media only screen and (min-width: 480px) and (max-width: 600px) {\r\n\t\t\t\t\t.qodef-elements-holder .qodef-elements-holder-item-content.qodef-elements-holder-custom-698545 {\r\n\t\t\t\t\t\tpadding:  !important;\r\n\t\t\t\t\t}\r\n\t\t\t\t}\r\n\t\t\t\t\t\t\t\t\t\t\t\t@media only screen and (max-width: 480px) {\r\n\t\t\t\t\t.qodef-elements-holder .qodef-elements-holder-item-content.qodef-elements-holder-custom-698545 {\r\n\t\t\t\t\t\tpadding:  !important;\r\n\t\t\t\t\t}\r\n\t\t\t\t}\r\n\t\t\t\t\t\t\t\t<\/style>\r\n\t\t\t\t\t\t\n<div class=\"qodef-custom-font-holder\" style=\"font-family: Raleway;font-size: 60px;line-height: 83px;font-weight: 700;letter-spacing: 0px;text-transform: Capitalize;text-align: center;color: #16171d\" data-font-size= 60 data-line-height= 83>\n\tAlliex k\u1ebft n\u1ed1i k\u1ef9 thu\u1eadt s\u1ed1 v\u1edbi th\u1ebf gi\u1edbi<\/div>\n<div class=\"qodef-custom-font-holder\" style=\"font-family: Raleway;font-size: 60px;line-height: 83px;font-weight: 700;letter-spacing: 0px;text-transform: Capitalize;text-align: center;color: #16171d\" data-font-size= 60 data-line-height= 83>\n\tb\u1eb1ng \u0111i\u1ec7n tho\u1ea1i di \u0111\u1ed9ng.<\/div>[vc_empty_space height=&#8221;17px&#8221;]\n<div class=\"qodef-custom-font-holder\" style=\"font-family: Raleway;font-size: 20px;line-height: 35px;font-weight: 400;letter-spacing: 0px;text-align: center;color: #747474\" data-font-size= 20 data-line-height= 35>\n\tH\u00e3y tr\u1ea3i nghi\u1ec7m h\u1ec7 th\u1ed1ng thanh to\u00e1n nhanh ch\u00f3ng, ti\u1ec7n l\u1ee3i h\u01a1n bao gi\u1edd h\u1ebft v\u1edbi d\u1ecbch v\u1ee5 mobile \u0111a d\u1ea1ng c\u1ee7a Alliex. Nh\u1eefng tr\u1ea3i nghi\u1ec7m thanh to\u00e1n n\u00e0y s\u1ebd \u0111\u00f3ng g\u00f3p l\u1edbn t\u1edbi s\u1ef1 ph\u00e1t tri\u1ec3n m\u00e0 b\u1ea1n mong mu\u1ed1n.<\/div>[vc_empty_space height=&#8221;40px&#8221;]\t\t<\/div>\r\n\t<\/div>\r\n<\/div><\/div>[\/vc_column][\/vc_row][vc_row css=&#8221;.vc_custom_1446111215876{padding-top: 35px !important;padding-bottom: 33px !important;background-image: url(http:\/\/startit.select-themes.com\/wp-content\/uploads\/2015\/10\/App2-Background1.jpg?id=442) !important;background-position: center !important;background-repeat: no-repeat !important;background-size: cover !important;}&#8221;][vc_column]\r\n\r\n\t<div class=\"qodef-call-to-action normal\">\r\n\r\n\t\t\t\t<div class=\"qodef-container-inner\">\r\n\t\t\t\t\t<div class=\"qodef-call-to-action-row-75-25 clearfix\" style=\"padding: 20px;\">\r\n\t\t\r\n\t\t\t\t<div class=\"qodef-text-wrapper qodef-call-to-action-column1 qodef-call-to-action-cell\">\r\n\r\n\t\t\t\t\r\n\t\t\t\t\t<div class=\"qodef-call-to-action-text\" >\r\n\t\t\t\t\t\t\n<h4><span style=\"color: #ffffff;\">B\u1ea1n mu\u1ed1n nh\u1eadn t\u01b0 v\u1ea5n t\u1eeb c\u00e1c chuy\u00ean gia mobile? H\u00e3y li\u00ean h\u1ec7 ngay v\u1edbi ch\u00fang t\u00f4i.<\/span><\/h4>\n\t\t\t\t\t<\/div>\r\n\r\n\t\t\t\t<\/div>\r\n\r\n\t\t\t\t\r\n\t\t\t\t\t<div class=\"qodef-button-wrapper qodef-call-to-action-column2 qodef-call-to-action-cell\" style =\"text-align: right ;\">\r\n\r\n\t\t\t\t\t\t<a href=\"http:\/\/www.alli-ex.com\/?page_id=8285&#038;lang=vi\" target=\"_self\" style=\"color: #ffffff;border-color: rgba(255,255,255,0.5)\" class=\"qodef-btn qodef-btn-medium qodef-btn-outline qodef-btn-custom-border-hover qodef-btn-custom-hover-color qodef-btn-icon\" data-hover-color=\"#ffffff\" data-hover-border-color=\"rgba(255,255,255,0.5)\" >        <span class=\"qodef-btn-text\">Contact US<\/span>    <span class=\"qodef-btn-text-icon\"><i class=\"qodef-icon-simple-line-icon icon-arrow-right-circle \" ><\/i><\/span><\/a>\r\n\t\t\t\t\t<\/div>\r\n\r\n\t\t\t\t\r\n\t\t\t<\/div>\r\n\r\n\t\t\t\t<\/div>\r\n\t\t\r\n\t<\/div>\r\n\r\n[\/vc_column][\/vc_row][vc_row content_width=&#8221;grid&#8221; css=&#8221;.vc_custom_1445435180866{padding-top: 7px !important;}&#8221;][vc_column]<div class=\"qodef-elements-holder qodef-two-columns qodef-responsive-mode-768\" ><div class=\"qodef-elements-holder-item qodef-vertical-alignment-middle qodef-horizontal-alignment-left qodef-fade-in\" >\r\n\t<div class=\"qodef-elements-holder-item-inner\">\r\n\t\t<div class=\"qodef-elements-holder-item-content qodef-elements-holder-custom-419136\" style=\"padding: 24px 54px 0 0\">\r\n\t\t\t\t\t\t[vc_column_text]<\/p>\n<h2>AlliexPOS &#8211; \u1ee8ng d\u1ee5ng thanh to\u00e1n b\u1eb1ng m\u00e3 QR<\/h2>\n<p>[\/vc_column_text][vc_empty_space height=&#8221;19px&#8221;][vc_column_text]<\/p>\n<h4>Ch\u00fang t\u00f4i cung c\u1ea5p d\u1ecbch v\u1ee5 thanh to\u00e1n App to App m\u00e0 b\u1ea1n c\u00f3 th\u1ec3 s\u1eed d\u1ee5ng m\u1ed9t c\u00e1ch ti\u1ec7n l\u1ee3i th\u00f4ng qua \u1ee9ng d\u1ee5ng Wechat c\u1ee7a Trung Qu\u1ed1c t\u1ea1i c\u00e1c \u0111\u01a1n v\u1ecb ch\u1ea5p nh\u1eadn th\u1ebb \u1edf H\u00e0n Qu\u1ed1c v\u00e0 Nh\u1eadt B\u1ea3n. Ng\u01b0\u1eddi d\u00f9ng c\u00f3 th\u1ec3 thanh to\u00e1n v\u00e0 x\u00e1c nh\u1eadn l\u1ea1i ngay n\u1ed9i dung tr\u00ean \u1ee9ng d\u1ee5ng. (C\u00f3 th\u1ec3 t\u1ea3i \u1ee9ng d\u1ee5ng t\u1ea1i App Store).<\/h4>\n<p>[\/vc_column_text][vc_empty_space height=&#8221;43px&#8221;][vc_single_image image=&#8221;4937&#8243; onclick=&#8221;custom_link&#8221; img_link_target=&#8221;_blank&#8221; link=&#8221;https:\/\/play.google.com\/store\/apps\/details?id=com.alli_ex.alliexpos&#8221;][vc_empty_space height=&#8221;10px&#8221;][vc_single_image image=&#8221;4936&#8243; onclick=&#8221;custom_link&#8221; img_link_target=&#8221;_blank&#8221; link=&#8221;https:\/\/itunes.apple.com\/us\/app\/alliex-pos\/id1207704664?l=ko&amp;ls=1&amp;mt=8&#8243;]\t\t<\/div>\r\n\t<\/div>\r\n<\/div>[vc_empty_space height=&#8221;40px&#8221;]<div class=\"qodef-elements-holder-item qodef-vertical-alignment-middle qodef-horizontal-alignment-left\" >\r\n\t<div class=\"qodef-elements-holder-item-inner\">\r\n\t\t<div class=\"qodef-elements-holder-item-content qodef-elements-holder-custom-924723\" style=\"padding: 0 0 0 0\">\r\n\t\t\t\t\t\t<style type=\"text\/css\" data-type=\"qodef-elements-custom-padding\">\r\n\t\t\t\t\t\t\t\t@media only screen and (min-width: 1280px) and (max-width: 1600px) {\r\n\t\t\t\t\t.qodef-elements-holder .qodef-elements-holder-item-content.qodef-elements-holder-custom-924723 {\r\n\t\t\t\t\t\tpadding:  !important;\r\n\t\t\t\t\t}\r\n\t\t\t\t}\r\n\t\t\t\t\t\t\t\t\t\t\t\t\t@media only screen and (min-width: 1024px) and (max-width: 1280px) {\r\n\t\t\t\t\t\t.qodef-elements-holder .qodef-elements-holder-item-content.qodef-elements-holder-custom-924723 {\r\n\t\t\t\t\t\t\tpadding:  !important;\r\n\t\t\t\t\t\t}\r\n\t\t\t\t\t}\r\n\t\t\t\t\t\t\t\t\t\t\t\t@media only screen and (min-width: 768px) and (max-width: 1024px) {\r\n\t\t\t\t\t.qodef-elements-holder .qodef-elements-holder-item-content.qodef-elements-holder-custom-924723 {\r\n\t\t\t\t\t\tpadding: 57px 0 0 0 !important;\r\n\t\t\t\t\t}\r\n\t\t\t\t}\r\n\t\t\t\t\t\t\t\t\t\t\t\t@media only screen and (min-width: 600px) and (max-width: 768px) {\r\n\t\t\t\t\t.qodef-elements-holder .qodef-elements-holder-item-content.qodef-elements-holder-custom-924723 {\r\n\t\t\t\t\t\tpadding:  !important;\r\n\t\t\t\t\t}\r\n\t\t\t\t}\r\n\t\t\t\t\t\t\t\t\t\t\t\t@media only screen and (min-width: 480px) and (max-width: 600px) {\r\n\t\t\t\t\t.qodef-elements-holder .qodef-elements-holder-item-content.qodef-elements-holder-custom-924723 {\r\n\t\t\t\t\t\tpadding:  !important;\r\n\t\t\t\t\t}\r\n\t\t\t\t}\r\n\t\t\t\t\t\t\t\t\t\t\t\t@media only screen and (max-width: 480px) {\r\n\t\t\t\t\t.qodef-elements-holder .qodef-elements-holder-item-content.qodef-elements-holder-custom-924723 {\r\n\t\t\t\t\t\tpadding:  !important;\r\n\t\t\t\t\t}\r\n\t\t\t\t}\r\n\t\t\t\t\t\t\t\t<\/style>\r\n\t\t\t\t\t\t[vc_empty_space height=&#8221;40px&#8221;][vc_single_image image=&#8221;6596&#8243; img_size=&#8221;full&#8221; css_animation=&#8221;bottom-to-top&#8221;]\t\t<\/div>\r\n\t<\/div>\r\n<\/div><\/div>[\/vc_column][\/vc_row][vc_row content_width=&#8221;grid&#8221; css=&#8221;.vc_custom_1445436547100{padding-top: 56px !important;background-color: #f6f6f8 !important;}&#8221;][vc_column]<div class=\"qodef-elements-holder qodef-two-columns qodef-responsive-mode-768\" ><div class=\"qodef-elements-holder-item qodef-vertical-alignment-middle qodef-horizontal-alignment-left\" >\r\n\t<div class=\"qodef-elements-holder-item-inner\">\r\n\t\t<div class=\"qodef-elements-holder-item-content qodef-elements-holder-custom-510538\" style=\"padding: 0 0 0 0\">\r\n\t\t\t\t\t\t<style type=\"text\/css\" data-type=\"qodef-elements-custom-padding\">\r\n\t\t\t\t\t\t\t\t@media only screen and (min-width: 1280px) and (max-width: 1600px) {\r\n\t\t\t\t\t.qodef-elements-holder .qodef-elements-holder-item-content.qodef-elements-holder-custom-510538 {\r\n\t\t\t\t\t\tpadding:  !important;\r\n\t\t\t\t\t}\r\n\t\t\t\t}\r\n\t\t\t\t\t\t\t\t\t\t\t\t\t@media only screen and (min-width: 1024px) and (max-width: 1280px) {\r\n\t\t\t\t\t\t.qodef-elements-holder .qodef-elements-holder-item-content.qodef-elements-holder-custom-510538 {\r\n\t\t\t\t\t\t\tpadding:  !important;\r\n\t\t\t\t\t\t}\r\n\t\t\t\t\t}\r\n\t\t\t\t\t\t\t\t\t\t\t\t@media only screen and (min-width: 768px) and (max-width: 1024px) {\r\n\t\t\t\t\t.qodef-elements-holder .qodef-elements-holder-item-content.qodef-elements-holder-custom-510538 {\r\n\t\t\t\t\t\tpadding: 140px 0 0 0 !important;\r\n\t\t\t\t\t}\r\n\t\t\t\t}\r\n\t\t\t\t\t\t\t\t\t\t\t\t@media only screen and (min-width: 600px) and (max-width: 768px) {\r\n\t\t\t\t\t.qodef-elements-holder .qodef-elements-holder-item-content.qodef-elements-holder-custom-510538 {\r\n\t\t\t\t\t\tpadding:  !important;\r\n\t\t\t\t\t}\r\n\t\t\t\t}\r\n\t\t\t\t\t\t\t\t\t\t\t\t@media only screen and (min-width: 480px) and (max-width: 600px) {\r\n\t\t\t\t\t.qodef-elements-holder .qodef-elements-holder-item-content.qodef-elements-holder-custom-510538 {\r\n\t\t\t\t\t\tpadding:  !important;\r\n\t\t\t\t\t}\r\n\t\t\t\t}\r\n\t\t\t\t\t\t\t\t\t\t\t\t@media only screen and (max-width: 480px) {\r\n\t\t\t\t\t.qodef-elements-holder .qodef-elements-holder-item-content.qodef-elements-holder-custom-510538 {\r\n\t\t\t\t\t\tpadding:  !important;\r\n\t\t\t\t\t}\r\n\t\t\t\t}\r\n\t\t\t\t\t\t\t\t<\/style>\r\n\t\t\t\t\t\t[vc_empty_space height=&#8221;30px&#8221;][vc_single_image image=&#8221;7716&#8243; img_size=&#8221;full&#8221; css_animation=&#8221;bottom-to-top&#8221;][vc_empty_space height=&#8221;60px&#8221;]\t\t<\/div>\r\n\t<\/div>\r\n<\/div><div class=\"qodef-elements-holder-item qodef-vertical-alignment-middle qodef-horizontal-alignment-left qodef-fade-in\" >\r\n\t<div class=\"qodef-elements-holder-item-inner\">\r\n\t\t<div class=\"qodef-elements-holder-item-content qodef-elements-holder-custom-606410\" style=\"padding: 0 49px 0 58px\">\r\n\t\t\t\t\t\t[vc_empty_space height=&#8221;14px&#8221;][vc_column_text]<\/p>\n<h2>O2O &#8211; B\u1eaft \u0111\u1ea7u v\u00e0 k\u1ebft th\u00fac~<\/h2>\n<p>[\/vc_column_text][vc_empty_space height=&#8221;19px&#8221;][vc_column_text]<\/p>\n<h4>Ch\u00fang t\u00f4i h\u1ed7 tr\u1ee3 d\u1ecbch v\u1ee5 O2O th\u00f4ng qua One Click Service \u2013 d\u1ecbch v\u1ee5 lo\u1ea1i b\u1ecf m\u1ecdi r\u00e0o c\u1ea3n c\u1ee7a c\u00e1c h\u00ecnh th\u1ee9c thanh to\u00e1n. B\u00ean c\u1ea1nh \u0111\u00f3 ch\u00fang t\u00f4i c\u0169ng cung c\u1ea5p d\u1ecbch v\u1ee5 mobile t\u00edch h\u1ee3p t\u1ed1i \u01b0u cho c\u1ea3 ng\u01b0\u1eddi d\u00f9ng khi h\u1ecd mu\u1ed1n kh\u00e1ch h\u00e0ng c\u1ee7a m\u00ecnh thanh to\u00e1n qua CreditCard, Wechat hay Alipay.<\/h4>\n<p>[\/vc_column_text][vc_empty_space height=&#8221;43px&#8221;][vc_empty_space height=&#8221;40px&#8221;]\t\t<\/div>\r\n\t<\/div>\r\n<\/div><\/div>[\/vc_column][\/vc_row][vc_row css=&#8221;.vc_custom_1516756773422{padding-top: 80px !important;padding-bottom: 80px !important;}&#8221;][vc_column css_animation=&#8221;slideInUp&#8221;][vc_single_image image=&#8221;6988&#8243; img_size=&#8221;large&#8221; alignment=&#8221;center&#8221;][\/vc_column][\/vc_row][vc_row content_aligment=&#8221;center&#8221; css=&#8221;.vc_custom_1446626216241{padding-top: 73px !important;padding-bottom: 89px !important;background-image: url(http:\/\/startit.select-themes.com\/wp-content\/uploads\/2015\/10\/App2-Background-1.jpg?id=947) !important;background-position: center !important;background-repeat: no-repeat !important;background-size: cover !important;}&#8221;][vc_column css=&#8221;.vc_custom_1516767750169{padding-top: 80px !important;}&#8221;][vc_column_text]<\/p>\n<h2 style=\"text-align: center;\"><span style=\"color: #ffffff;\">Frictionless mobile payments<\/span><\/h2>\n<p>[\/vc_column_text][vc_empty_space height=&#8221;16px&#8221;][vc_column_text]<\/p>\n<h4 style=\"text-align: center;\"><span style=\"color: #dbdbdb;\">Make it easy with mobile, Increased revenue with smart processing<\/span><\/h4>\n<p>[\/vc_column_text][vc_empty_space height=&#8221;75px&#8221;]<div class=\"qodef-testimonials-holder qodef-grid-section clearfix\"><div class=\"qodef-testimonials qodef-section-inner transparent cards_carousel\"  data-layout =\"cards_carousel\">Sorry, no posts matched your criteria.<\/div><\/div><\/div>[\/vc_column][\/vc_row][vc_row content_width=&#8221;grid&#8221; content_aligment=&#8221;center&#8221; css=&#8221;.vc_custom_1445438456206{padding-top: 100px !important;padding-bottom: 53px !important;}&#8221;][vc_column width=&#8221;1\/2&#8243; offset=&#8221;vc_col-lg-3 vc_col-md-6&#8243;]<div class=\"qodef-elements-holder qodef-responsive-mode-768\" ><div class=\"qodef-elements-holder-item qodef-vertical-alignment-middle qodef-horizontal-alignment-left qodef-grow-in\" style=\"transition-delay:100ms;-webkit-transition-delay:100ms\">\r\n\t<div class=\"qodef-elements-holder-item-inner\">\r\n\t\t<div class=\"qodef-elements-holder-item-content qodef-elements-holder-custom-610876\" >\r\n\t\t\t\t\t\t[vc_single_image image=&#8221;498&#8243; img_size=&#8221;full&#8221; alignment=&#8221;center&#8221;]\t\t<\/div>\r\n\t<\/div>\r\n<\/div><\/div>[vc_empty_space height=&#8221;56px&#8221;][vc_column_text]<\/p>\n<h5>Ti\u1ebft ki\u1ec7m chi ph\u00ed TCO<\/h5>\n<p>[\/vc_column_text][vc_empty_space height=&#8221;18px&#8221;][vc_column_text]Gi\u1ea3m thi\u1ec3u t\u1ed1i \u0111a chi ph\u00ed khi \u0111\u01b0a v\u00e0o s\u1eed d\u1ee5ng d\u1ecbch v\u1ee5 thanh to\u00e1n mobile.[\/vc_column_text][vc_empty_space height=&#8221;40px&#8221;][\/vc_column][vc_column width=&#8221;1\/2&#8243; offset=&#8221;vc_col-lg-3 vc_col-md-6&#8243;]<div class=\"qodef-elements-holder qodef-responsive-mode-768\" ><div class=\"qodef-elements-holder-item qodef-vertical-alignment-middle qodef-horizontal-alignment-left qodef-grow-in\" style=\"transition-delay:300ms;-webkit-transition-delay:300ms\">\r\n\t<div class=\"qodef-elements-holder-item-inner\">\r\n\t\t<div class=\"qodef-elements-holder-item-content qodef-elements-holder-custom-422201\" >\r\n\t\t\t\t\t\t[vc_empty_space height=&#8221;22px&#8221;][vc_single_image image=&#8221;507&#8243; img_size=&#8221;full&#8221; alignment=&#8221;center&#8221;]\t\t<\/div>\r\n\t<\/div>\r\n<\/div><\/div>[vc_empty_space height=&#8221;56px&#8221;][vc_column_text]<\/p>\n<h5>Qu\u1ea3n l\u00ed th\u00f4ng tin minh b\u1ea1ch<\/h5>\n<p>[\/vc_column_text][vc_empty_space height=&#8221;18px&#8221;][vc_column_text]Cung c\u1ea5p d\u1ecbch v\u1ee5 qu\u1ea3n l\u00ed minh b\u1ea1ch th\u1ecfa m\u00e3n c\u1ea3 ng\u01b0\u1eddi s\u1eed d\u1ee5ng v\u00e0 nh\u00e0 cung c\u1ea5p d\u1ecbch v\u1ee5. [\/vc_column_text][vc_empty_space height=&#8221;40px&#8221;][\/vc_column][vc_column width=&#8221;1\/2&#8243; offset=&#8221;vc_col-lg-3 vc_col-md-6&#8243;]<div class=\"qodef-elements-holder qodef-responsive-mode-768\" ><div class=\"qodef-elements-holder-item qodef-vertical-alignment-middle qodef-horizontal-alignment-left qodef-grow-in\" style=\"transition-delay:500ms;-webkit-transition-delay:500ms\">\r\n\t<div class=\"qodef-elements-holder-item-inner\">\r\n\t\t<div class=\"qodef-elements-holder-item-content qodef-elements-holder-custom-244530\" >\r\n\t\t\t\t\t\t[vc_empty_space height=&#8221;15px&#8221;][vc_single_image image=&#8221;510&#8243; img_size=&#8221;full&#8221; alignment=&#8221;center&#8221;]\t\t<\/div>\r\n\t<\/div>\r\n<\/div><\/div>[vc_empty_space height=&#8221;48px&#8221;][vc_column_text]<\/p>\n<h5>H\u1ee3p t\u00e1c th\u00e0nh c\u00f4ng<\/h5>\n<p>[\/vc_column_text][vc_empty_space height=&#8221;18px&#8221;][vc_column_text]Alliex h\u1ed7 tr\u1ee3 m\u1ed1i quan h\u1ec7 \u0111\u1ed1i t\u00e1c th\u00e0nh c\u00f4ng nh\u1edd v\u00e0o m\u1ed9t n\u1ec1n t\u1ea3ng t\u00edch h\u1ee3p on\/offline.[\/vc_column_text][vc_empty_space height=&#8221;40px&#8221;][\/vc_column][vc_column width=&#8221;1\/2&#8243; offset=&#8221;vc_col-lg-3 vc_col-md-6&#8243;]<div class=\"qodef-elements-holder qodef-responsive-mode-768\" ><div class=\"qodef-elements-holder-item qodef-vertical-alignment-middle qodef-horizontal-alignment-left qodef-grow-in\" style=\"transition-delay:700ms;-webkit-transition-delay:700ms\">\r\n\t<div class=\"qodef-elements-holder-item-inner\">\r\n\t\t<div class=\"qodef-elements-holder-item-content qodef-elements-holder-custom-965837\" >\r\n\t\t\t\t\t\t[vc_empty_space height=&#8221;37px&#8221;][vc_single_image image=&#8221;513&#8243; img_size=&#8221;full&#8221; alignment=&#8221;center&#8221;]\t\t<\/div>\r\n\t<\/div>\r\n<\/div><\/div>[vc_empty_space height=&#8221;69px&#8221;][vc_column_text]<\/p>\n<h5>\u0110\u1ed9ng l\u1ef1c ph\u00e1t tri\u1ec3n k\u1ef9 thu\u1eadt s\u1ed1<\/h5>\n<p>[\/vc_column_text][vc_empty_space height=&#8221;18px&#8221;][vc_column_text]Cung c\u1ea5p m\u1ed9t lo\u1ea1t c\u00e1c c\u00f4ng c\u1ee5 ph\u00e1t tri\u1ec3n k\u1ef9 thu\u1eadt s\u1ed1 \u0111a d\u1ea1ng v\u1edbi t\u01b0 c\u00e1ch l\u00e0 m\u1ed9t \u0111\u1ed1i t\u00e1c ch\u00ednh cho c\u00e1c d\u1ecbch v\u1ee5 t\u00e0i ch\u00ednh to\u00e0n c\u1ea7u.[\/vc_column_text][vc_empty_space height=&#8221;40px&#8221;][\/vc_column][\/vc_row][vc_row content_width=&#8221;grid&#8221; css=&#8221;.vc_custom_1446111082014{padding-top: 72px !important;padding-bottom: 57px !important;background-image: url(http:\/\/startit.select-themes.com\/wp-content\/uploads\/2015\/10\/App2-Background-3.jpg?id=997) !important;background-position: center !important;background-repeat: no-repeat !important;background-size: cover !important;}&#8221;][vc_column offset=&#8221;vc_col-md-5&#8243;][vc_column_text]<\/p>\n<h3>D\u1ecbch v\u1ee5 thanh to\u00e1n \u0111\u1ea7u \u0111\u1ecdc th\u1ebb smartphone &#8211; mPOS<\/h3>\n<p>[\/vc_column_text][vc_empty_space height=&#8221;33px&#8221;]<div class=\"qodef-icon-list-item\">\r\n\t<div class=\"qodef-icon-list-icon-holder\">\r\n        <div class=\"qodef-icon-list-icon-holder-inner clearfix\">\r\n\t\t\t<i class=\"qodef-icon-font-awesome fa fa-check-circle \" style=\"font-size:14px\" ><\/i>\t\t<\/div>\r\n\t<\/div>\r\n\t<p class=\"qodef-icon-list-text\"  > Cung c\u1ea5p ph\u01b0\u01a1ng ti\u1ec7n thanh to\u00e1n ti\u1ec7n l\u1ee3i, d\u1ec5 d\u00e0ng th\u00f4ng qua mobile<\/p>\r\n<\/div>[vc_empty_space height=&#8221;3px&#8221;]<div class=\"qodef-icon-list-item\">\r\n\t<div class=\"qodef-icon-list-icon-holder\">\r\n        <div class=\"qodef-icon-list-icon-holder-inner clearfix\">\r\n\t\t\t<i class=\"qodef-icon-font-awesome fa fa-check-circle \" style=\"font-size:14px\" ><\/i>\t\t<\/div>\r\n\t<\/div>\r\n\t<p class=\"qodef-icon-list-text\"  > Y\u00eau c\u1ea7u ch\u1ea5p nh\u1eadn thanh to\u00e1n th\u1ebb th\u00f4ng qua k\u1ebft n\u1ed1i \u0111\u1ea7u \u0111\u1ecdc th\u1ebb ho\u1eb7c bluetooth<\/p>\r\n<\/div>[vc_empty_space height=&#8221;2px&#8221;]<div class=\"qodef-icon-list-item\">\r\n\t<div class=\"qodef-icon-list-icon-holder\">\r\n        <div class=\"qodef-icon-list-icon-holder-inner clearfix\">\r\n\t\t\t<i class=\"qodef-icon-font-awesome fa fa-check-circle \" style=\"font-size:14px\" ><\/i>\t\t<\/div>\r\n\t<\/div>\r\n\t<p class=\"qodef-icon-list-text\"  > X\u1eed l\u00ed thanh to\u00e1n th\u00f4ng qua Card Module c\u1ee7a POS App t\u1ea1i c\u1eeda h\u00e0ng th\u00e0nh vi\u00ean<\/p>\r\n<\/div>[vc_empty_space height=&#8221;2px&#8221;]<div class=\"qodef-icon-list-item\">\r\n\t<div class=\"qodef-icon-list-icon-holder\">\r\n        <div class=\"qodef-icon-list-icon-holder-inner clearfix\">\r\n\t\t\t<i class=\"qodef-icon-font-awesome fa fa-check-circle \" style=\"font-size:14px\" ><\/i>\t\t<\/div>\r\n\t<\/div>\r\n\t<p class=\"qodef-icon-list-text\"  > C\u00f3 th\u1ec3 in h\u00f3a \u0111\u01a1n ngay sau khi thanh to\u00e1n b\u1eb1ng h\u1eefu tuy\u1ebfn\/v\u00f4 tuy\u1ebfn(bluetooth).<\/p>\r\n<\/div>[vc_empty_space height=&#8221;2px&#8221;]<div class=\"qodef-icon-list-item\">\r\n\t<div class=\"qodef-icon-list-icon-holder\">\r\n        <div class=\"qodef-icon-list-icon-holder-inner clearfix\">\r\n\t\t\t<i class=\"qodef-icon-font-awesome fa fa-check-circle \" style=\"font-size:14px\" ><\/i>\t\t<\/div>\r\n\t<\/div>\r\n\t<p class=\"qodef-icon-list-text\"  > Nh\u1eadn h\u00f3a \u0111\u01a1n m\u1ed9t c\u00e1ch ti\u1ec7n l\u1ee3i qua email, tin nh\u1eafn, Push Msg<\/p>\r\n<\/div>[vc_empty_space height=&#8221;2px&#8221;]<div class=\"qodef-icon-list-item\">\r\n\t<div class=\"qodef-icon-list-icon-holder\">\r\n        <div class=\"qodef-icon-list-icon-holder-inner clearfix\">\r\n\t\t\t<i class=\"qodef-icon-font-awesome fa fa-check-circle \" style=\"font-size:14px\" ><\/i>\t\t<\/div>\r\n\t<\/div>\r\n\t<p class=\"qodef-icon-list-text\"  > C\u00f3 th\u1ec3 s\u1eed d\u1ee5ng c\u00e1c d\u1ecbch v\u1ee5 \u0111\u01b0\u1ee3c k\u1ebft n\u1ed1i v\u1edbi c\u1ea3m bi\u1ebfn \u0111a d\u1ea1ng c\u1ee7a smartphone<\/p>\r\n<\/div>[vc_empty_space height=&#8221;40px&#8221;][\/vc_column][vc_column css_animation=&#8221;slideInUp&#8221; offset=&#8221;vc_col-md-7&#8243;][vc_single_image image=&#8221;6607&#8243; img_size=&#8221;full&#8221; alignment=&#8221;right&#8221;][\/vc_column][\/vc_row]<\/p>\n<\/div>","protected":false},"excerpt":{"rendered":"<a href=\"https:\/\/www.alli-ex.com\/?page_id=8309&lang=vi\"><img decoding=\"async\" width=\"300\" src=\"\" class=\"alignleft wp-post-image tfe\" alt=\"\" title=\"\" \/><\/a><p>[vc_row row_type=&#8221;parallax&#8221; content_width=&#8221;grid&#8221; content_aligment=&#8221;center&#8221; full_screen_section_height=&#8221;yes&#8221; vertically_align_content_in_middle=&#8221;yes&#8221; parallax_background_image=&#8221;1024&#8243; css=&#8221;.vc_custom_1516701799361{padding-right: 0px !important;padding-left: 0px !important;}&#8221;][vc_column][vc_empty_space height=&#8221;180px&#8221;][\/vc_column][\/vc_row][vc_row css=&#8221;.vc_custom_1446111215876{padding-top: 35px !important;padding-bottom: 33px !important;background-image: url(http:\/\/startit.select-themes.com\/wp-content\/uploads\/2015\/10\/App2-Background1.jpg?id=442) !important;background-position: center !important;background-repeat: no-repeat !important;background-size: cover !important;}&#8221;][vc_column][\/vc_column][\/vc_row][vc_row content_width=&#8221;grid&#8221; css=&#8221;.vc_custom_1445435180866{padding-top: 7px !important;}&#8221;][vc_column][\/vc_column][\/vc_row][vc_row content_width=&#8221;grid&#8221; css=&#8221;.vc_custom_1445436547100{padding-top: 56px !important;background-color: #f6f6f8 !important;}&#8221;][vc_column][\/vc_column][\/vc_row][vc_row css=&#8221;.vc_custom_1516756773422{padding-top: 80px !important;padding-bottom: 80px !important;}&#8221;][vc_column css_animation=&#8221;slideInUp&#8221;][vc_single_image image=&#8221;6988&#8243; img_size=&#8221;large&#8221; alignment=&#8221;center&#8221;][\/vc_column][\/vc_row][vc_row&#8230;<\/p>\n","protected":false},"author":1,"featured_media":0,"parent":0,"menu_order":0,"comment_status":"closed","ping_status":"closed","template":"full-width.php","meta":{"footnotes":""},"class_list":["post-8309","page","type-page","status-publish","hentry"],"_links":{"self":[{"href":"https:\/\/www.alli-ex.com\/index.php?rest_route=\/wp\/v2\/pages\/8309","targetHints":{"allow":["GET"]}}],"collection":[{"href":"https:\/\/www.alli-ex.com\/index.php?rest_route=\/wp\/v2\/pages"}],"about":[{"href":"https:\/\/www.alli-ex.com\/index.php?rest_route=\/wp\/v2\/types\/page"}],"author":[{"embeddable":true,"href":"https:\/\/www.alli-ex.com\/index.php?rest_route=\/wp\/v2\/users\/1"}],"replies":[{"embeddable":true,"href":"https:\/\/www.alli-ex.com\/index.php?rest_route=%2Fwp%2Fv2%2Fcomments&post=8309"}],"version-history":[{"count":4,"href":"https:\/\/www.alli-ex.com\/index.php?rest_route=\/wp\/v2\/pages\/8309\/revisions"}],"predecessor-version":[{"id":8406,"href":"https:\/\/www.alli-ex.com\/index.php?rest_route=\/wp\/v2\/pages\/8309\/revisions\/8406"}],"wp:attachment":[{"href":"https:\/\/www.alli-ex.com\/index.php?rest_route=%2Fwp%2Fv2%2Fmedia&parent=8309"}],"curies":[{"name":"wp","href":"https:\/\/api.w.org\/{rel}","templated":true}]}}