{"id":9347,"date":"2025-10-29T15:26:51","date_gmt":"2025-10-29T06:26:51","guid":{"rendered":"https:\/\/www.alli-ex.com\/?page_id=9347"},"modified":"2025-10-31T11:03:49","modified_gmt":"2025-10-31T02:03:49","slug":"004-installment-vn","status":"publish","type":"page","link":"https:\/\/www.alli-ex.com\/?page_id=9347&lang=vi","title":{"rendered":"004- Installment &#8211; VN"},"content":{"rendered":"<div class=\"wpb-content-wrapper\"><p>[vc_row content_width=&#8221;grid&#8221; content_aligment=&#8221;center&#8221; css=&#8221;.vc_custom_1761299567592{padding-top: 91px !important;padding-bottom: 76px !important;background-color: #FFFFFF !important;background-position: center !important;background-repeat: no-repeat !important;background-size: cover !important;}&#8221;][vc_column][vc_row_inner content_aligment=&#8221;center&#8221;][vc_column_inner][vc_column_text css=&#8221;&#8221;]<\/p>\r\n<h2>V\u00ec sao ch\u1ecdn gi\u1ea3i ph\u00e1p tr\u1ea3 g\u00f3p c\u1ee7a Alliex<\/h2>\r\n<p>[\/vc_column_text][vc_empty_space height=&#8221;15px&#8221;][vc_empty_space height=&#8221;15px&#8221;][vc_empty_space height=&#8221;15px&#8221;][\/vc_column_inner][\/vc_row_inner][vc_row_inner content_aligment=&#8221;center&#8221;][vc_column_inner width=&#8221;1\/3&#8243;]    <span class=\"qodef-icon-animation-holder\" style=\"transition-delay: 100ms;-webkit-transition-delay: 100ms;-moz-transition-delay: 100ms;-ms-transition-delay: 100ms\">\n\n    <span class=\"qodef-icon-shortcode circle qodef-icon-animation\" style=\"width: 85px;height: 85px;line-height: 85px;background-color: #00aeef;border-style: solid;border-color: #00aeef;border-width: 2px\" data-hover-border-color=\"#979797\" data-hover-background-color=\"#979797\" data-animation-delay=\"100\" data-hover-color=\"#ffffff\" data-color=\"#ffffff\">\n        \n        <i class=\"qodef-icon-simple-line-icon icon-wallet qodef-icon-element\" style=\"color: #ffffff;font-size:28px\" ><\/i>\n            <\/span>\n\n    <\/span>\n[vc_empty_space height=&#8221;34px&#8221;][vc_column_text css=&#8221;&#8221;]<\/p>\r\n<h5>T\u1ed1i \u0111a h\u00f3a s\u1ee9c mua<\/h5>\r\n<p>[\/vc_column_text][vc_empty_space height=&#8221;19px&#8221;][vc_column_text css=&#8221;&#8221;]<\/p>\r\n<p>Mang \u0111\u1ebfn cho kh\u00e1ch h\u00e0ng t\u1ef1 do mua s\u1eafm ngay, thanh to\u00e1n sau \u2014 t\u1ee9c th\u00ec, linh ho\u1ea1t v\u00e0 0% l\u00e3i su\u1ea5t.<\/p>\r\n<p>[\/vc_column_text][vc_empty_space height=&#8221;40px&#8221;][\/vc_column_inner][vc_column_inner width=&#8221;1\/3&#8243;]    <span class=\"qodef-icon-animation-holder\" style=\"transition-delay: 300ms;-webkit-transition-delay: 300ms;-moz-transition-delay: 300ms;-ms-transition-delay: 300ms\">\n\n    <span class=\"qodef-icon-shortcode circle qodef-icon-animation\" style=\"width: 85px;height: 85px;line-height: 85px;background-color: #00aeef;border-style: solid;border-color: #00aeef;border-width: 2px\" data-hover-border-color=\"#979797\" data-hover-background-color=\"#979797\" data-animation-delay=\"300\" data-hover-color=\"#ffffff\" data-color=\"#ffffff\">\n        \n        <i class=\"qodef-icon-simple-line-icon icon-calculator qodef-icon-element\" style=\"color: #ffffff;font-size:28px\" ><\/i>\n            <\/span>\n\n    <\/span>\n[vc_empty_space height=&#8221;34px&#8221;][vc_column_text css=&#8221;&#8221;]<\/p>\r\n<h5>M\u1edf r\u1ed9ng l\u1ef1a ch\u1ecdn thanh to\u00e1n<\/h5>\r\n<p>[\/vc_column_text][vc_empty_space height=&#8221;19px&#8221;][vc_column_text css=&#8221;&#8221;]<\/p>\r\n<p>\u0110a d\u1ea1ng h\u00f3a ph\u01b0\u01a1ng th\u1ee9c thanh to\u00e1n \u0111\u1ec3 \u0111\u00e1p \u1ee9ng m\u1ecdi nhu c\u1ea7u c\u1ee7a kh\u00e1ch h\u00e0ng.<\/p>\r\n<p>[\/vc_column_text][vc_empty_space height=&#8221;40px&#8221;][\/vc_column_inner][vc_column_inner width=&#8221;1\/3&#8243;]    <span class=\"qodef-icon-animation-holder\" style=\"transition-delay: 400ms;-webkit-transition-delay: 400ms;-moz-transition-delay: 400ms;-ms-transition-delay: 400ms\">\n\n    <span class=\"qodef-icon-shortcode circle qodef-icon-animation\" style=\"width: 85px;height: 85px;line-height: 85px;background-color: #00aeef;border-style: solid;border-color: #00aeef;border-width: 2px\" data-hover-border-color=\"#979797\" data-hover-background-color=\"#979797\" data-animation-delay=\"400\" data-hover-color=\"#ffffff\" data-color=\"#ffffff\">\n        \n        <i class=\"qodef-icon-simple-line-icon icon-credit-card qodef-icon-element\" style=\"color: #ffffff;font-size:28px\" ><\/i>\n            <\/span>\n\n    <\/span>\n[vc_empty_space height=&#8221;34px&#8221;][vc_column_text css=&#8221;&#8221;]<\/p>\r\n<h5>T\u0103ng doanh thu c\u1eeda h\u00e0ng<\/h5>\r\n<p>[\/vc_column_text][vc_empty_space height=&#8221;19px&#8221;][vc_column_text css=&#8221;&#8221;]<\/p>\r\n<p>Cung c\u1ea5p gi\u1ea3i ph\u00e1p tr\u1ea3 g\u00f3p linh ho\u1ea1t, d\u1ec5 d\u00e0ng, gi\u00fap b\u1ea1n thu h\u00fat nhi\u1ec1u kh\u00e1ch h\u00e0ng h\u01a1n v\u00e0 gia t\u0103ng t\u1ef7 l\u1ec7 chuy\u1ec3n \u0111\u1ed5i tr\u00ean m\u1ecdi k\u00eanh b\u00e1n h\u00e0ng.<\/p>\r\n<p>[\/vc_column_text][vc_empty_space height=&#8221;40px&#8221;][\/vc_column_inner][\/vc_row_inner][\/vc_column][\/vc_row][vc_row content_width=&#8221;grid&#8221; css=&#8221;.vc_custom_1445436547100{padding-top: 56px !important;background-color: #f6f6f8 !important;}&#8221;][vc_column]<div class=\"qodef-elements-holder qodef-two-columns qodef-responsive-mode-768\" ><div class=\"qodef-elements-holder-item qodef-vertical-alignment-middle qodef-horizontal-alignment-left qodef-fade-in\" >\r\n\t<div class=\"qodef-elements-holder-item-inner\">\r\n\t\t<div class=\"qodef-elements-holder-item-content qodef-elements-holder-custom-980282\" style=\"padding: 0 49px 0 58px\">\r\n\t\t\t\t\t\t[vc_empty_space height=&#8221;14px&#8221;][vc_column_text css=&#8221;&#8221;]<\/p>\r\n<h2>Th\u00f4ng minh. Nhanh ch\u00f3ng. Linh ho\u1ea1t.<\/h2>\r\n<p>[\/vc_column_text][vc_empty_space height=&#8221;19px&#8221;][vc_empty_space height=&#8221;19px&#8221;]<div class=\"qodef-icon-list-item\">\r\n\t<div class=\"qodef-icon-list-icon-holder\">\r\n        <div class=\"qodef-icon-list-icon-holder-inner clearfix\">\r\n\t\t\t<i class=\"qodef-icon-font-awesome fa fa-check-circle \" style=\"color:#00aeef\" ><\/i>\t\t<\/div>\r\n\t<\/div>\r\n\t<p class=\"qodef-icon-list-text\" style=\"font-size:16px\" > Tr\u1ea3 g\u00f3p 0% l\u00e3i su\u1ea5t, b\u00e1n h\u00e0ng d\u1ec5 d\u00e0ng h\u01a1n bao gi\u1edd h\u1ebft.<\/p>\r\n<\/div>[vc_empty_space height=&#8221;15px&#8221;]<div class=\"qodef-icon-list-item\">\r\n\t<div class=\"qodef-icon-list-icon-holder\">\r\n        <div class=\"qodef-icon-list-icon-holder-inner clearfix\">\r\n\t\t\t<i class=\"qodef-icon-font-awesome fa fa-check-circle \" style=\"color:#00aeef\" ><\/i>\t\t<\/div>\r\n\t<\/div>\r\n\t<p class=\"qodef-icon-list-text\" style=\"font-size:16px\" > Ch\u1ecdn k\u1ef3 h\u1ea1n linh ho\u1ea1t: 3, 6, 9, 12, 18, 24 ho\u1eb7c 36 th\u00e1ng.<\/p>\r\n<\/div>[vc_empty_space height=&#8221;15px&#8221;]<div class=\"qodef-icon-list-item\">\r\n\t<div class=\"qodef-icon-list-icon-holder\">\r\n        <div class=\"qodef-icon-list-icon-holder-inner clearfix\">\r\n\t\t\t<i class=\"qodef-icon-font-awesome fa fa-check-circle \" style=\"color:#00aeef\" ><\/i>\t\t<\/div>\r\n\t<\/div>\r\n\t<p class=\"qodef-icon-list-text\" style=\"font-size:16px\" > H\u1ed7 tr\u1ee3 th\u1ebb t\u1eeb h\u01a1n 29 ng\u00e2n h\u00e0ng v\u00e0 t\u1ed5 ch\u1ee9c t\u00e0i ch\u00ednh.<\/p>\r\n<\/div>[vc_empty_space height=&#8221;15px&#8221;]<div class=\"qodef-icon-list-item\">\r\n\t<div class=\"qodef-icon-list-icon-holder\">\r\n        <div class=\"qodef-icon-list-icon-holder-inner clearfix\">\r\n\t\t\t<i class=\"qodef-icon-font-awesome fa fa-check-circle \" style=\"color:#00aeef\" ><\/i>\t\t<\/div>\r\n\t<\/div>\r\n\t<p class=\"qodef-icon-list-text\" style=\"font-size:16px\" > Ho\u00e0n t\u1ea5t giao d\u1ecbch trong ch\u01b0a \u0111\u1ea7y 1 ph\u00fat.<\/p>\r\n<\/div>[vc_empty_space height=&#8221;40px&#8221;]\t\t<\/div>\r\n\t<\/div>\r\n<\/div><div class=\"qodef-elements-holder-item qodef-vertical-alignment-middle qodef-horizontal-alignment-left\" >\r\n\t<div class=\"qodef-elements-holder-item-inner\">\r\n\t\t<div class=\"qodef-elements-holder-item-content qodef-elements-holder-custom-902452\" style=\"padding: 0 0 0 0\">\r\n\t\t\t\t\t\t<style type=\"text\/css\" data-type=\"qodef-elements-custom-padding\">\r\n\t\t\t\t\t\t\t\t@media only screen and (min-width: 1280px) and (max-width: 1600px) {\r\n\t\t\t\t\t.qodef-elements-holder .qodef-elements-holder-item-content.qodef-elements-holder-custom-902452 {\r\n\t\t\t\t\t\tpadding:  !important;\r\n\t\t\t\t\t}\r\n\t\t\t\t}\r\n\t\t\t\t\t\t\t\t\t\t\t\t\t@media only screen and (min-width: 1024px) and (max-width: 1280px) {\r\n\t\t\t\t\t\t.qodef-elements-holder .qodef-elements-holder-item-content.qodef-elements-holder-custom-902452 {\r\n\t\t\t\t\t\t\tpadding:  !important;\r\n\t\t\t\t\t\t}\r\n\t\t\t\t\t}\r\n\t\t\t\t\t\t\t\t\t\t\t\t@media only screen and (min-width: 768px) and (max-width: 1024px) {\r\n\t\t\t\t\t.qodef-elements-holder .qodef-elements-holder-item-content.qodef-elements-holder-custom-902452 {\r\n\t\t\t\t\t\tpadding: 140px 0 0 0 !important;\r\n\t\t\t\t\t}\r\n\t\t\t\t}\r\n\t\t\t\t\t\t\t\t\t\t\t\t@media only screen and (min-width: 600px) and (max-width: 768px) {\r\n\t\t\t\t\t.qodef-elements-holder .qodef-elements-holder-item-content.qodef-elements-holder-custom-902452 {\r\n\t\t\t\t\t\tpadding:  !important;\r\n\t\t\t\t\t}\r\n\t\t\t\t}\r\n\t\t\t\t\t\t\t\t\t\t\t\t@media only screen and (min-width: 480px) and (max-width: 600px) {\r\n\t\t\t\t\t.qodef-elements-holder .qodef-elements-holder-item-content.qodef-elements-holder-custom-902452 {\r\n\t\t\t\t\t\tpadding:  !important;\r\n\t\t\t\t\t}\r\n\t\t\t\t}\r\n\t\t\t\t\t\t\t\t\t\t\t\t@media only screen and (max-width: 480px) {\r\n\t\t\t\t\t.qodef-elements-holder .qodef-elements-holder-item-content.qodef-elements-holder-custom-902452 {\r\n\t\t\t\t\t\tpadding:  !important;\r\n\t\t\t\t\t}\r\n\t\t\t\t}\r\n\t\t\t\t\t\t\t\t<\/style>\r\n\t\t\t\t\t\t[vc_empty_space height=&#8221;29px&#8221;][vc_single_image image=&#8221;9406&#8243; img_size=&#8221;full&#8221; css_animation=&#8221;bottom-to-top&#8221; css=&#8221;&#8221;][vc_empty_space height=&#8221;50px&#8221;]\t\t<\/div>\r\n\t<\/div>\r\n<\/div><\/div>[\/vc_column][\/vc_row][vc_row content_width=&#8221;grid&#8221; css=&#8221;.vc_custom_1518070938687{padding-top: 7px !important;background-color: #ffffff !important;}&#8221;][vc_column]<div class=\"qodef-elements-holder qodef-two-columns qodef-responsive-mode-768\" ><div class=\"qodef-elements-holder-item qodef-vertical-alignment-middle qodef-horizontal-alignment-left\" >\r\n\t<div class=\"qodef-elements-holder-item-inner\">\r\n\t\t<div class=\"qodef-elements-holder-item-content qodef-elements-holder-custom-783956\" style=\"padding: 0 0 0 0\">\r\n\t\t\t\t\t\t<style type=\"text\/css\" data-type=\"qodef-elements-custom-padding\">\r\n\t\t\t\t\t\t\t\t@media only screen and (min-width: 1280px) and (max-width: 1600px) {\r\n\t\t\t\t\t.qodef-elements-holder .qodef-elements-holder-item-content.qodef-elements-holder-custom-783956 {\r\n\t\t\t\t\t\tpadding:  !important;\r\n\t\t\t\t\t}\r\n\t\t\t\t}\r\n\t\t\t\t\t\t\t\t\t\t\t\t\t@media only screen and (min-width: 1024px) and (max-width: 1280px) {\r\n\t\t\t\t\t\t.qodef-elements-holder .qodef-elements-holder-item-content.qodef-elements-holder-custom-783956 {\r\n\t\t\t\t\t\t\tpadding:  !important;\r\n\t\t\t\t\t\t}\r\n\t\t\t\t\t}\r\n\t\t\t\t\t\t\t\t\t\t\t\t@media only screen and (min-width: 768px) and (max-width: 1024px) {\r\n\t\t\t\t\t.qodef-elements-holder .qodef-elements-holder-item-content.qodef-elements-holder-custom-783956 {\r\n\t\t\t\t\t\tpadding: 57px 0 0 0 !important;\r\n\t\t\t\t\t}\r\n\t\t\t\t}\r\n\t\t\t\t\t\t\t\t\t\t\t\t@media only screen and (min-width: 600px) and (max-width: 768px) {\r\n\t\t\t\t\t.qodef-elements-holder .qodef-elements-holder-item-content.qodef-elements-holder-custom-783956 {\r\n\t\t\t\t\t\tpadding:  !important;\r\n\t\t\t\t\t}\r\n\t\t\t\t}\r\n\t\t\t\t\t\t\t\t\t\t\t\t@media only screen and (min-width: 480px) and (max-width: 600px) {\r\n\t\t\t\t\t.qodef-elements-holder .qodef-elements-holder-item-content.qodef-elements-holder-custom-783956 {\r\n\t\t\t\t\t\tpadding:  !important;\r\n\t\t\t\t\t}\r\n\t\t\t\t}\r\n\t\t\t\t\t\t\t\t\t\t\t\t@media only screen and (max-width: 480px) {\r\n\t\t\t\t\t.qodef-elements-holder .qodef-elements-holder-item-content.qodef-elements-holder-custom-783956 {\r\n\t\t\t\t\t\tpadding:  !important;\r\n\t\t\t\t\t}\r\n\t\t\t\t}\r\n\t\t\t\t\t\t\t\t<\/style>\r\n\t\t\t\t\t\t[vc_empty_space height=&#8221;40px&#8221;][vc_single_image image=&#8221;9408&#8243; img_size=&#8221;large&#8221; css_animation=&#8221;bottom-to-top&#8221; css=&#8221;&#8221;][vc_empty_space height=&#8221;50px&#8221;]\t\t<\/div>\r\n\t<\/div>\r\n<\/div><div class=\"qodef-elements-holder-item qodef-vertical-alignment-middle qodef-horizontal-alignment-left qodef-fade-in\" >\r\n\t<div class=\"qodef-elements-holder-item-inner\">\r\n\t\t<div class=\"qodef-elements-holder-item-content qodef-elements-holder-custom-946750\" style=\"padding: 24px 54px 0 54px\">\r\n\t\t\t\t\t\t[vc_column_text css=&#8221;&#8221;]<\/p>\r\n<h2>\u0110\u1ed1i T\u00e1c Thanh To\u00e1n<\/h2>\r\n<p>[\/vc_column_text][vc_empty_space height=&#8221;19px&#8221;][vc_column_text css=&#8221;&#8221;]<\/p>\r\n<h4>H\u1ee3p t\u00e1c v\u1edbi h\u01a1n 29 ng\u00e2n h\u00e0ng v\u00e0 t\u1ed5 ch\u1ee9c t\u00e0i ch\u00ednh h\u00e0ng \u0111\u1ea7u, mang \u0111\u1ebfn ph\u1ea1m vi thanh to\u00e1n r\u1ed9ng v\u00e0 \u0111\u1ed9 tin c\u1eady t\u1ed1i \u0111a.<\/h4>\r\n<p>[\/vc_column_text][vc_empty_space height=&#8221;43px&#8221;][vc_empty_space height=&#8221;40px&#8221;]\t\t<\/div>\r\n\t<\/div>\r\n<\/div><\/div>[\/vc_column][\/vc_row][vc_row row_type=&#8221;parallax&#8221; content_width=&#8221;grid&#8221; content_aligment=&#8221;center&#8221; full_screen_section_height=&#8221;no&#8221; parallax_background_image=&#8221;6999&#8243; css=&#8221;.vc_custom_1761280149231{padding-top: 157px !important;padding-bottom: 155px !important;}&#8221;][vc_column]\n<div class=\"qodef-custom-font-holder\" style=\"font-family: Raleway;font-size: 52px;line-height: 60px;font-weight: 700;letter-spacing: 0px;text-transform: Capitalize;text-align: center;color: #ffffff\" data-font-size= 52 data-line-height= 60>\n\tN\u00e2ng t\u1ea7m doanh nghi\u1ec7p v\u1edbi thanh to\u00e1n linh ho\u1ea1t<\/div>[vc_empty_space height=&#8221;26px&#8221;][vc_column_text css=&#8221;.vc_custom_1761719195759{padding-right: 12% !important;padding-left: 12% !important;}&#8221;]<\/p>\r\n<h4><span style=\"color: #ffffff;\">Kh\u00e1m ph\u00e1 gi\u1ea3i ph\u00e1p tr\u1ea3 g\u00f3p d\u1ec5 d\u00e0ng v\u00e0 t\u0103ng tr\u01b0\u1edfng doanh s\u1ed1 ngay h\u00f4m nay.<\/span><\/h4>\r\n<p>[\/vc_column_text][vc_empty_space height=&#8221;36px&#8221;]<a href=\"http:\/\/www.alli-ex.com\/?page_id=7777&#038;lang=en\" target=\"_self\" style=\"margin: 10px 7px\" class=\"qodef-btn qodef-btn-medium qodef-btn-solid qodef-btn-custom-hover-bg qodef-btn-custom-border-hover qodef-btn-custom-hover-color qodef-btn-hover-animation\" data-hover-color=\"#212121\" data-hover-border-color=\"#ffffff\" >\n            <span  style=\"background-color: #ffffff\"  class=\"qodef-animation-overlay\"><\/span>\n        <span class=\"qodef-btn-text\">Li\u00ean h\u1ec7 chuy\u00ean gia c\u1ee7a ch\u00fang t\u00f4i<\/span>\n    <span class=\"qodef-btn-text-icon\"><\/span>\n<\/a>[\/vc_column][\/vc_row][vc_row][vc_column][vc_column_text]<\/p>\r\n<p>[\/vc_column_text][\/vc_column][\/vc_row]<\/p>\r\n<\/div>","protected":false},"excerpt":{"rendered":"<a href=\"https:\/\/www.alli-ex.com\/?page_id=9347&lang=vi\"><img decoding=\"async\" width=\"300\" src=\"\" class=\"alignleft wp-post-image tfe\" alt=\"\" title=\"\" \/><\/a><p>[vc_row content_width=&#8221;grid&#8221; content_aligment=&#8221;center&#8221; css=&#8221;.vc_custom_1761299567592{padding-top: 91px !important;padding-bottom: 76px !important;background-color: #FFFFFF !important;background-position: center !important;background-repeat: no-repeat !important;background-size: cover !important;}&#8221;][vc_column][vc_row_inner content_aligment=&#8221;center&#8221;][vc_column_inner][vc_column_text css=&#8221;&#8221;] V\u00ec sao ch\u1ecdn gi\u1ea3i ph\u00e1p tr\u1ea3 g\u00f3p c\u1ee7a Alliex [\/vc_column_text][vc_empty_space height=&#8221;15px&#8221;][vc_empty_space height=&#8221;15px&#8221;][vc_empty_space height=&#8221;15px&#8221;][\/vc_column_inner][\/vc_row_inner][vc_row_inner content_aligment=&#8221;center&#8221;][vc_column_inner width=&#8221;1\/3&#8243;][vc_empty_space height=&#8221;34px&#8221;][vc_column_text css=&#8221;&#8221;] T\u1ed1i \u0111a h\u00f3a s\u1ee9c mua [\/vc_column_text][vc_empty_space height=&#8221;19px&#8221;][vc_column_text css=&#8221;&#8221;] Mang \u0111\u1ebfn&#8230;<\/p>\n","protected":false},"author":1,"featured_media":0,"parent":0,"menu_order":0,"comment_status":"closed","ping_status":"closed","template":"full-width.php","meta":{"footnotes":""},"class_list":["post-9347","page","type-page","status-publish","hentry"],"_links":{"self":[{"href":"https:\/\/www.alli-ex.com\/index.php?rest_route=\/wp\/v2\/pages\/9347","targetHints":{"allow":["GET"]}}],"collection":[{"href":"https:\/\/www.alli-ex.com\/index.php?rest_route=\/wp\/v2\/pages"}],"about":[{"href":"https:\/\/www.alli-ex.com\/index.php?rest_route=\/wp\/v2\/types\/page"}],"author":[{"embeddable":true,"href":"https:\/\/www.alli-ex.com\/index.php?rest_route=\/wp\/v2\/users\/1"}],"replies":[{"embeddable":true,"href":"https:\/\/www.alli-ex.com\/index.php?rest_route=%2Fwp%2Fv2%2Fcomments&post=9347"}],"version-history":[{"count":5,"href":"https:\/\/www.alli-ex.com\/index.php?rest_route=\/wp\/v2\/pages\/9347\/revisions"}],"predecessor-version":[{"id":9445,"href":"https:\/\/www.alli-ex.com\/index.php?rest_route=\/wp\/v2\/pages\/9347\/revisions\/9445"}],"wp:attachment":[{"href":"https:\/\/www.alli-ex.com\/index.php?rest_route=%2Fwp%2Fv2%2Fmedia&parent=9347"}],"curies":[{"name":"wp","href":"https:\/\/api.w.org\/{rel}","templated":true}]}}