{"id":9353,"date":"2025-10-29T15:45:24","date_gmt":"2025-10-29T06:45:24","guid":{"rendered":"https:\/\/www.alli-ex.com\/?page_id=9353"},"modified":"2025-10-29T15:45:24","modified_gmt":"2025-10-29T06:45:24","slug":"006-vms-vn","status":"publish","type":"page","link":"https:\/\/www.alli-ex.com\/?page_id=9353&lang=vi","title":{"rendered":"006- VMS &#8211; VN"},"content":{"rendered":"<div class=\"wpb-content-wrapper\"><p>[vc_row content_width=&#8221;grid&#8221; content_aligment=&#8221;center&#8221; css=&#8221;.vc_custom_1761548391432{padding-top: 65px !important;padding-bottom: 65px !important;background-color: #FFFFFF !important;}&#8221;][vc_column offset=&#8221;vc_col-lg-offset-2 vc_col-lg-8&#8243;][vc_column_text css=&#8221;&#8221;]<\/p>\r\n<h3 style=\"text-align: center;\"><strong>M\u1edf r\u1ed9ng ti\u1ec1m n\u0103ng. N\u00e2ng cao hi\u1ec7u qu\u1ea3<\/strong><\/h3>\r\n<p>[\/vc_column_text][vc_empty_space height=&#8221;80px&#8221;][\/vc_column][vc_column][vc_row_inner content_aligment=&#8221;center&#8221;][vc_column_inner width=&#8221;1\/3&#8243;]    <span class=\"qodef-icon-animation-holder\" style=\"transition-delay: 100ms;-webkit-transition-delay: 100ms;-moz-transition-delay: 100ms;-ms-transition-delay: 100ms\">\n\n    <span class=\"qodef-icon-shortcode circle qodef-icon-animation\" style=\"width: 85px;height: 85px;line-height: 85px;background-color: #00aeef;border-style: solid;border-color: #00aeef;border-width: 2px\" data-hover-border-color=\"#979797\" data-hover-background-color=\"#979797\" data-animation-delay=\"100\" data-hover-color=\"#ffffff\" data-color=\"#ffffff\">\n        \n        <i class=\"qodef-icon-font-awesome fa fa-bank qodef-icon-element\" style=\"color: #ffffff;font-size:28px\" ><\/i>\n            <\/span>\n\n    <\/span>\n[vc_empty_space height=&#8221;34px&#8221;][vc_column_text css=&#8221;&#8221;]<\/p>\r\n<h5>M\u1edf r\u1ed9ng ngu\u1ed3n doanh thu<\/h5>\r\n<p>[\/vc_column_text][vc_empty_space height=&#8221;19px&#8221;][vc_column_text css=&#8221;&#8221;]<\/p>\r\n<p>T\u1eadn d\u1ee5ng h\u1ec7 sinh th\u00e1i POS \u0111\u1ec3 khai th\u00e1c th\u00eam c\u00e1c ngu\u1ed3n thu m\u1edbi th\u00f4ng qua vi\u1ec7c t\u00edch h\u1ee3p c\u00e1c d\u1ecbch v\u1ee5 gi\u00e1 tr\u1ecb gia t\u0103ng.<\/p>\r\n<p>[\/vc_column_text][vc_empty_space height=&#8221;40px&#8221;][\/vc_column_inner][vc_column_inner width=&#8221;1\/3&#8243;]    <span class=\"qodef-icon-animation-holder\" style=\"transition-delay: 300ms;-webkit-transition-delay: 300ms;-moz-transition-delay: 300ms;-ms-transition-delay: 300ms\">\n\n    <span class=\"qodef-icon-shortcode circle qodef-icon-animation\" style=\"width: 85px;height: 85px;line-height: 85px;background-color: #00aeef;border-style: solid;border-color: #00aeef;border-width: 2px\" data-hover-border-color=\"#979797\" data-hover-background-color=\"#979797\" data-animation-delay=\"300\" data-hover-color=\"#ffffff\" data-color=\"#ffffff\">\n        \n        <i class=\"qodef-icon-simple-line-icon icon-graph qodef-icon-element\" style=\"color: #ffffff;font-size:28px\" ><\/i>\n            <\/span>\n\n    <\/span>\n[vc_empty_space height=&#8221;34px&#8221;][vc_column_text css=&#8221;&#8221;]<\/p>\r\n<h5>N\u00e2ng cao gi\u00e1 tr\u1ecb cho kh\u00e1ch h\u00e0ng<\/h5>\r\n<p>[\/vc_column_text][vc_empty_space height=&#8221;19px&#8221;][vc_column_text css=&#8221;&#8221;]<\/p>\r\n<p>M\u1ed7i d\u1ecbch v\u1ee5 b\u1ed5 sung t\u1ea1i POS kh\u00f4ng ch\u1ec9 t\u0103ng tr\u1ea3i nghi\u1ec7m kh\u00e1ch h\u00e0ng m\u00e0 c\u00f2n n\u00e2ng hi\u1ec7u qu\u1ea3 kinh doanh cho b\u1ea1n.<\/p>\r\n<p>[\/vc_column_text][vc_empty_space height=&#8221;40px&#8221;][\/vc_column_inner][vc_column_inner width=&#8221;1\/3&#8243;]    <span class=\"qodef-icon-animation-holder\" style=\"transition-delay: 400ms;-webkit-transition-delay: 400ms;-moz-transition-delay: 400ms;-ms-transition-delay: 400ms\">\n\n    <span class=\"qodef-icon-shortcode circle qodef-icon-animation\" style=\"width: 85px;height: 85px;line-height: 85px;background-color: #00aeef;border-style: solid;border-color: #00aeef;border-width: 2px\" data-hover-border-color=\"#979797\" data-hover-background-color=\"#979797\" data-animation-delay=\"400\" data-hover-color=\"#ffffff\" data-color=\"#ffffff\">\n        \n        <i class=\"qodef-icon-font-awesome fa fa-dollar qodef-icon-element\" style=\"color: #ffffff;font-size:28px\" ><\/i>\n            <\/span>\n\n    <\/span>\n[vc_empty_space height=&#8221;34px&#8221;][vc_column_text css=&#8221;&#8221;]<\/p>\r\n<h5>T\u1ed1i \u01b0u chi ph\u00ed v\u1eadn h\u00e0nh<\/h5>\r\n<p>[\/vc_column_text][vc_empty_space height=&#8221;19px&#8221;][vc_column_text css=&#8221;&#8221;]<\/p>\r\n<p>S\u1eed d\u1ee5ng h\u1ea1 t\u1ea7ng b\u1ea3o m\u1eadt, s\u1eb5n s\u00e0ng \u2013 kh\u00f4ng c\u1ea7n \u0111\u1ea7u t\u01b0 th\u00eam \u0111\u1ec3 cung c\u1ea5p c\u00e1c d\u1ecbch v\u1ee5 n\u00e2ng cao nh\u01b0 DCC ho\u1eb7c thanh to\u00e1n tr\u1ea3 g\u00f3p.<\/p>\r\n<p>[\/vc_column_text][vc_empty_space height=&#8221;40px&#8221;][\/vc_column_inner][\/vc_row_inner][\/vc_column][\/vc_row][vc_row content_width=&#8221;grid&#8221; content_aligment=&#8221;center&#8221; css=&#8221;.vc_custom_1761548403727{padding-top: 65px !important;padding-bottom: 65px !important;background-color: #F4F4F4 !important;}&#8221;][vc_column offset=&#8221;vc_col-lg-offset-2 vc_col-lg-8&#8243;][vc_column_text css=&#8221;&#8221;]<\/p>\r\n<h3 style=\"text-align: center;\"><strong>N\u00e2ng t\u1ea7m doanh nghi\u1ec7p v\u1edbi m\u1ed9t h\u1ec7 th\u1ed1ng POS th\u00f4ng minh duy nh\u1ea5t<\/strong><\/h3>\r\n<p>[\/vc_column_text][vc_empty_space height=&#8221;80px&#8221;][\/vc_column][vc_column][vc_row_inner content_aligment=&#8221;center&#8221;][vc_column_inner width=&#8221;1\/4&#8243;]    <span class=\"qodef-icon-animation-holder\" style=\"transition-delay: 100ms;-webkit-transition-delay: 100ms;-moz-transition-delay: 100ms;-ms-transition-delay: 100ms\">\n\n    <span class=\"qodef-icon-shortcode circle qodef-icon-animation\" style=\"width: 85px;height: 85px;line-height: 85px;background-color: rgba(255,255,255,0.01);border-style: solid;border-color: #00aeef;border-width: 2px\" data-hover-border-color=\"#979797\" data-hover-background-color=\"#979797\" data-animation-delay=\"100\" data-hover-color=\"#ffffff\" data-color=\"#00aeef\">\n        \n        <i class=\"qodef-icon-simple-line-icon icon-diamond qodef-icon-element\" style=\"color: #00aeef;font-size:28px\" ><\/i>\n            <\/span>\n\n    <\/span>\n[vc_empty_space height=&#8221;34px&#8221;][vc_column_text css=&#8221;&#8221;]<\/p>\r\n<h5>T\u0103ng doanh thu, gi\u1ea3m chi ph\u00ed<\/h5>\r\n<p>[\/vc_column_text][vc_empty_space height=&#8221;19px&#8221;][vc_column_text css=&#8221;&#8221;]<\/p>\r\n<p>H\u1ec7 sinh th\u00e1i \u201ct\u1ea5t c\u1ea3 trong m\u1ed9t\u201d c\u1ee7a Alliex gi\u00fap doanh nghi\u1ec7p \u0111a d\u1ea1ng ph\u01b0\u01a1ng th\u1ee9c thanh to\u00e1n, qu\u1ea3n l\u00fd chi\u1ebfn d\u1ecbch khuy\u1ebfn m\u00e3i v\u00e0 ph\u00e2n t\u00edch d\u1eef li\u1ec7u, t\u1eeb \u0111\u00f3 t\u1ed1i \u01b0u chi ph\u00ed v\u00e0 gia t\u0103ng l\u1ee3i nhu\u1eadn.<\/p>\r\n<p>[\/vc_column_text][vc_empty_space height=&#8221;40px&#8221;][\/vc_column_inner][vc_column_inner width=&#8221;1\/4&#8243;]    <span class=\"qodef-icon-animation-holder\" style=\"transition-delay: 300ms;-webkit-transition-delay: 300ms;-moz-transition-delay: 300ms;-ms-transition-delay: 300ms\">\n\n    <span class=\"qodef-icon-shortcode circle qodef-icon-animation\" style=\"width: 85px;height: 85px;line-height: 85px;background-color: rgba(255,255,255,0.01);border-style: solid;border-color: #00aeef;border-width: 2px\" data-hover-border-color=\"#979797\" data-hover-background-color=\"#979797\" data-animation-delay=\"300\" data-hover-color=\"#ffffff\" data-color=\"#00aeef\">\n        \n        <i class=\"qodef-icon-simple-line-icon icon-people qodef-icon-element\" style=\"color: #00aeef;font-size:28px\" ><\/i>\n            <\/span>\n\n    <\/span>\n[vc_empty_space height=&#8221;34px&#8221;][vc_column_text css=&#8221;&#8221;]<\/p>\r\n<h5>N\u00e2ng cao tr\u1ea3i nghi\u1ec7m kh\u00e1ch h\u00e0ng<\/h5>\r\n<p>[\/vc_column_text][vc_empty_space height=&#8221;19px&#8221;][vc_column_text css=&#8221;&#8221;]<\/p>\r\n<p>Cung c\u1ea5p giao d\u1ecbch nhanh ch\u00f3ng, kh\u00f4ng ti\u1ebfp x\u00fac v\u00e0 kh\u00f4ng gi\u1ea5y t\u1edd, gi\u00fap vi\u1ec7c mua s\u1eafm tr\u1edf n\u00ean m\u01b0\u1ee3t m\u00e0 v\u00e0 ti\u1ec7n l\u1ee3i h\u01a1n bao gi\u1edd h\u1ebft.<\/p>\r\n<p>[\/vc_column_text][vc_empty_space height=&#8221;40px&#8221;][\/vc_column_inner][vc_column_inner width=&#8221;1\/4&#8243;]    <span class=\"qodef-icon-animation-holder\" style=\"transition-delay: 400ms;-webkit-transition-delay: 400ms;-moz-transition-delay: 400ms;-ms-transition-delay: 400ms\">\n\n    <span class=\"qodef-icon-shortcode circle qodef-icon-animation\" style=\"width: 85px;height: 85px;line-height: 85px;background-color: rgba(255,255,255,0.01);border-style: solid;border-color: #00aeef;border-width: 2px\" data-hover-border-color=\"#979797\" data-hover-background-color=\"#979797\" data-animation-delay=\"400\" data-hover-color=\"#ffffff\" data-color=\"#00aeef\">\n        \n        <i class=\"qodef-icon-font-awesome fa fa-thumbs-o-up qodef-icon-element\" style=\"color: #00aeef;font-size:28px\" ><\/i>\n            <\/span>\n\n    <\/span>\n[vc_empty_space height=&#8221;34px&#8221;][vc_column_text css=&#8221;&#8221;]<\/p>\r\n<h5>T\u0103ng g\u1eafn k\u1ebft v\u1edbi kh\u00e1ch h\u00e0ng<\/h5>\r\n<p>[\/vc_column_text][vc_empty_space height=&#8221;19px&#8221;][vc_column_text css=&#8221;&#8221;]<\/p>\r\n<p>K\u1ebft n\u1ed1i kh\u00e1ch h\u00e0ng th\u00f4ng qua chi\u1ebfn d\u1ecbch c\u00e1 nh\u00e2n h\u00f3a, ch\u01b0\u01a1ng tr\u00ecnh t\u00edch \u0111i\u1ec3m v\u00e0 \u01b0u \u0111\u00e3i th\u00e0nh vi\u00ean ngay tr\u00ean h\u1ec7 th\u1ed1ng POS t\u00edch h\u1ee3p.<\/p>\r\n<p>[\/vc_column_text][vc_empty_space height=&#8221;40px&#8221;][\/vc_column_inner][vc_column_inner width=&#8221;1\/4&#8243;]    <span class=\"qodef-icon-animation-holder\" style=\"transition-delay: 400ms;-webkit-transition-delay: 400ms;-moz-transition-delay: 400ms;-ms-transition-delay: 400ms\">\n\n    <span class=\"qodef-icon-shortcode circle qodef-icon-animation\" style=\"width: 85px;height: 85px;line-height: 85px;background-color: rgba(255,255,255,0.01);border-style: solid;border-color: #00aeef;border-width: 2px\" data-hover-border-color=\"#979797\" data-hover-background-color=\"#979797\" data-animation-delay=\"400\" data-hover-color=\"#ffffff\" data-color=\"#00aeef\">\n        \n        <i class=\"qodef-icon-font-awesome fa fa-thumbs-o-up qodef-icon-element\" style=\"color: #00aeef;font-size:28px\" ><\/i>\n            <\/span>\n\n    <\/span>\n[vc_empty_space height=&#8221;34px&#8221;][vc_column_text css=&#8221;&#8221;]<\/p>\r\n<h5>Ti\u1ebfp c\u1eadn ngu\u1ed3n v\u1ed1n linh ho\u1ea1t<\/h5>\r\n<p>[\/vc_column_text][vc_empty_space height=&#8221;19px&#8221;][vc_column_text css=&#8221;&#8221;]<\/p>\r\n<p>C\u00e1c gi\u1ea3i ph\u00e1p t\u00e0i ch\u00ednh c\u1ee7a Alliex gi\u00fap doanh nghi\u1ec7p duy tr\u00ec v\u00e0 m\u1edf r\u1ed9ng ho\u1ea1t \u0111\u1ed9ng, trong b\u1ea5t k\u1ef3 \u0111i\u1ec1u ki\u1ec7n t\u00e0i ch\u00ednh n\u00e0o.<\/p>\r\n<p>[\/vc_column_text][vc_empty_space height=&#8221;40px&#8221;][\/vc_column_inner][\/vc_row_inner][\/vc_column][\/vc_row][vc_row css=&#8221;.vc_custom_1761548426369{background-color: #FFFFFF !important;}&#8221;][vc_column][vc_empty_space height=&#8221;80px&#8221;][vc_column_text css=&#8221;&#8221;]<\/p>\r\n<h2 style=\"text-align: center;\">D\u1ecbch v\u1ee5 Gi\u00e1 tr\u1ecb Gia t\u0103ng (VAS)<\/h2>\r\n<p>[\/vc_column_text][vc_empty_space height=&#8221;30px&#8221;][vc_column_text css=&#8221;&#8221;]<\/p>\r\n<h4 style=\"text-align: center;\">Gi\u1ea3i ph\u00e1p Fintech to\u00e0n di\u1ec7n \u2013 \u0110\u1ed3ng h\u00e0nh c\u00f9ng m\u1ecdi \u0111\u1ed1i t\u00e1c ph\u00e1t tri\u1ec3n<\/h4>\r\n<p>[\/vc_column_text][vc_empty_space height=&#8221;80px&#8221;][vc_row_inner content_width=&#8221;grid&#8221; content_aligment=&#8221;center&#8221;][vc_column_inner width=&#8221;1\/4&#8243;]    <span class=\"qodef-icon-animation-holder\" style=\"transition-delay: 100ms;-webkit-transition-delay: 100ms;-moz-transition-delay: 100ms;-ms-transition-delay: 100ms\">\n\n    <span class=\"qodef-icon-shortcode normal qodef-icon-animation\" style=\"width: 72px;height: 72px;line-height: 72px\" data-animation-delay=\"100\" data-color=\"#00aeef\">\n        \n        <i class=\"qodef-icon-font-awesome fa fa-id-card-o qodef-icon-element\" style=\"color: #00aeef;font-size:72px\" ><\/i>\n            <\/span>\n\n    <\/span>\n[vc_empty_space height=&#8221;20px&#8221;][vc_column_text css_animation=&#8221;none&#8221; css=&#8221;&#8221;]<\/p>\r\n<h3>Chuy\u1ec3n \u0111\u1ed5i ti\u1ec1n t\u1ec7 \u0111\u1ed9ng (DCC)<\/h3>\r\n<p>[\/vc_column_text][vc_empty_space height=&#8221;20px&#8221;][vc_column_text css=&#8221;&#8221;]<\/p>\r\n<p>H\u1ed7 tr\u1ee3 thanh to\u00e1n \u0111a ti\u1ec1n t\u1ec7 cho kh\u00e1ch h\u00e0ng qu\u1ed1c t\u1ebf.<\/p>\r\n<p>[\/vc_column_text][\/vc_column_inner][vc_column_inner width=&#8221;1\/4&#8243;]    <span class=\"qodef-icon-animation-holder\" style=\"transition-delay: 300ms;-webkit-transition-delay: 300ms;-moz-transition-delay: 300ms;-ms-transition-delay: 300ms\">\n\n    <span class=\"qodef-icon-shortcode normal qodef-icon-animation\" style=\"width: 72px;height: 72px;line-height: 72px\" data-animation-delay=\"300\" data-color=\"#00aeef\">\n        \n        <i class=\"qodef-icon-font-awesome fa fa-sort-amount-desc qodef-icon-element\" style=\"color: #00aeef;font-size:72px\" ><\/i>\n            <\/span>\n\n    <\/span>\n[vc_empty_space height=&#8221;20px&#8221;][vc_column_text css=&#8221;&#8221;]<\/p>\r\n<h3>Thanh to\u00e1n QR\/NFC<\/h3>\r\n<p>[\/vc_column_text][vc_empty_space height=&#8221;20px&#8221;][vc_column_text css=&#8221;&#8221;]<\/p>\r\n<p>Giao d\u1ecbch an to\u00e0n, kh\u00f4ng ti\u1ebfp x\u00fac, nhanh ch\u00f3ng.<\/p>\r\n<p>[\/vc_column_text][\/vc_column_inner][vc_column_inner width=&#8221;1\/4&#8243;]    <span class=\"qodef-icon-animation-holder\" style=\"transition-delay: 400ms;-webkit-transition-delay: 400ms;-moz-transition-delay: 400ms;-ms-transition-delay: 400ms\">\n\n    <span class=\"qodef-icon-shortcode normal qodef-icon-animation\" style=\"width: 72px;height: 72px;line-height: 72px\" data-animation-delay=\"400\" data-hover-color=\"#dbdbdb\" data-color=\"#00aeef\">\n        \n        <i class=\"qodef-icon-font-awesome fa fa-credit-card-alt qodef-icon-element\" style=\"color: #00aeef;font-size:72px\" ><\/i>\n            <\/span>\n\n    <\/span>\n[vc_empty_space height=&#8221;20px&#8221;][vc_column_text css=&#8221;&#8221;]<\/p>\r\n<h3>N\u1ec1n t\u1ea3ng qu\u1ea3n l\u00fd Back-office t\u00edch h\u1ee3p<\/h3>\r\n<p>[\/vc_column_text][vc_empty_space height=&#8221;20px&#8221;][vc_column_text css=&#8221;&#8221;]<\/p>\r\n<p>Ph\u00e2n t\u00edch d\u1eef li\u1ec7u, theo d\u00f5i hi\u1ec7u su\u1ea5t theo th\u1eddi gian th\u1ef1c.<\/p>\r\n<p>[\/vc_column_text][\/vc_column_inner][vc_column_inner width=&#8221;1\/4&#8243;]    <span class=\"qodef-icon-animation-holder\" style=\"transition-delay: 300ms;-webkit-transition-delay: 300ms;-moz-transition-delay: 300ms;-ms-transition-delay: 300ms\">\n\n    <span class=\"qodef-icon-shortcode normal qodef-icon-animation\" style=\"width: 72px;height: 72px;line-height: 72px\" data-animation-delay=\"300\" data-color=\"#00aeef\">\n        \n        <i class=\"qodef-icon-font-awesome fa fa-sort-amount-desc qodef-icon-element\" style=\"color: #00aeef;font-size:72px\" ><\/i>\n            <\/span>\n\n    <\/span>\n[vc_empty_space height=&#8221;20px&#8221;][vc_column_text css=&#8221;&#8221;]<\/p>\r\n<h3>Gi\u1ea3i ph\u00e1p T\u00e0i ch\u00ednh<\/h3>\r\n<p>[\/vc_column_text][vc_empty_space height=&#8221;20px&#8221;][vc_column_text css=&#8221;&#8221;]<\/p>\r\n<p>M\u1edf r\u1ed9ng kh\u1ea3 n\u0103ng vay v\u1ed1n v\u00e0 thanh to\u00e1n linh ho\u1ea1t th\u00f4ng qua \u0111\u1ed1i t\u00e1c t\u00e0i ch\u00ednh.<\/p>\r\n<p>[\/vc_column_text][\/vc_column_inner][\/vc_row_inner][vc_empty_space height=&#8221;80px&#8221;][vc_row_inner content_width=&#8221;grid&#8221; content_aligment=&#8221;center&#8221;][vc_column_inner width=&#8221;1\/4&#8243;]    <span class=\"qodef-icon-animation-holder\" style=\"transition-delay: 100ms;-webkit-transition-delay: 100ms;-moz-transition-delay: 100ms;-ms-transition-delay: 100ms\">\n\n    <span class=\"qodef-icon-shortcode normal qodef-icon-animation\" style=\"width: 72px;height: 72px;line-height: 72px\" data-animation-delay=\"100\" data-color=\"#00aeef\">\n        \n        <i class=\"qodef-icon-font-awesome fa fa-id-card-o qodef-icon-element\" style=\"color: #00aeef;font-size:72px\" ><\/i>\n            <\/span>\n\n    <\/span>\n[vc_empty_space height=&#8221;20px&#8221;][vc_column_text css_animation=&#8221;none&#8221; css=&#8221;&#8221;]<\/p>\r\n<h3>Qu\u1ea3n l\u00fd kh\u00e1ch h\u00e0ng th\u00e2n thi\u1ebft &amp; khuy\u1ebfn m\u00e3i<\/h3>\r\n<p>[\/vc_column_text][vc_empty_space height=&#8221;20px&#8221;][vc_column_text css=&#8221;&#8221;]<\/p>\r\n<p>T\u1ef1 \u0111\u1ed9ng h\u00f3a chi\u1ebfn d\u1ecbch, voucher v\u00e0 ch\u01b0\u01a1ng tr\u00ecnh t\u00edch \u0111i\u1ec3m.<\/p>\r\n<p>[\/vc_column_text][\/vc_column_inner][vc_column_inner width=&#8221;1\/4&#8243;]    <span class=\"qodef-icon-animation-holder\" style=\"transition-delay: 300ms;-webkit-transition-delay: 300ms;-moz-transition-delay: 300ms;-ms-transition-delay: 300ms\">\n\n    <span class=\"qodef-icon-shortcode normal qodef-icon-animation\" style=\"width: 72px;height: 72px;line-height: 72px\" data-animation-delay=\"300\" data-color=\"#00aeef\">\n        \n        <i class=\"qodef-icon-font-awesome fa fa-sort-amount-desc qodef-icon-element\" style=\"color: #00aeef;font-size:72px\" ><\/i>\n            <\/span>\n\n    <\/span>\n[vc_empty_space height=&#8221;20px&#8221;][vc_column_text css=&#8221;&#8221;]<\/p>\r\n<h3>Gi\u1ea3i ph\u00e1p d\u00e0nh cho doanh nghi\u1ec7p SME<\/h3>\r\n<p>[\/vc_column_text][vc_empty_space height=&#8221;20px&#8221;][vc_column_text css=&#8221;&#8221;]<\/p>\r\n<p>B\u1ed9 c\u00f4ng c\u1ee5 t\u1ed1i \u01b0u d\u00e0nh ri\u00eang cho doanh nghi\u1ec7p v\u1eeba v\u00e0 nh\u1ecf<\/p>\r\n<p>[\/vc_column_text][\/vc_column_inner][vc_column_inner width=&#8221;1\/4&#8243;]    <span class=\"qodef-icon-animation-holder\" style=\"transition-delay: 400ms;-webkit-transition-delay: 400ms;-moz-transition-delay: 400ms;-ms-transition-delay: 400ms\">\n\n    <span class=\"qodef-icon-shortcode normal qodef-icon-animation\" style=\"width: 72px;height: 72px;line-height: 72px\" data-animation-delay=\"400\" data-hover-color=\"#dbdbdb\" data-color=\"#00aeef\">\n        \n        <i class=\"qodef-icon-font-awesome fa fa-credit-card-alt qodef-icon-element\" style=\"color: #00aeef;font-size:72px\" ><\/i>\n            <\/span>\n\n    <\/span>\n[vc_empty_space height=&#8221;20px&#8221;][vc_column_text css=&#8221;&#8221;]<\/p>\r\n<h3>H\u1ed7 tr\u1ee3 h\u1ea1 t\u1ea7ng 24\/7<\/h3>\r\n<p>[\/vc_column_text][vc_empty_space height=&#8221;20px&#8221;][vc_column_text css=&#8221;&#8221;]<\/p>\r\n<p>\u0110\u1ea3m b\u1ea3o h\u1ec7 th\u1ed1ng lu\u00f4n an to\u00e0n, \u1ed5n \u0111\u1ecbnh v\u00e0 k\u1ebft n\u1ed1i li\u00ean t\u1ee5c.<\/p>\r\n<p>[\/vc_column_text][\/vc_column_inner][vc_column_inner width=&#8221;1\/4&#8243;]    <span class=\"qodef-icon-animation-holder\" style=\"transition-delay: 300ms;-webkit-transition-delay: 300ms;-moz-transition-delay: 300ms;-ms-transition-delay: 300ms\">\n\n    <span class=\"qodef-icon-shortcode normal qodef-icon-animation\" style=\"width: 72px;height: 72px;line-height: 72px\" data-animation-delay=\"300\" data-color=\"#00aeef\">\n        \n        <i class=\"qodef-icon-font-awesome fa fa-sort-amount-desc qodef-icon-element\" style=\"color: #00aeef;font-size:72px\" ><\/i>\n            <\/span>\n\n    <\/span>\n[vc_empty_space height=&#8221;20px&#8221;][vc_column_text css=&#8221;&#8221;]<\/p>\r\n<h3>D\u1ecbch v\u1ee5 Marketing &amp; Khuy\u1ebfn m\u00e3i<\/h3>\r\n<p>[\/vc_column_text][vc_empty_space height=&#8221;20px&#8221;][vc_column_text css=&#8221;&#8221;]<\/p>\r\n<p>Ti\u1ebfp c\u1eadn nhi\u1ec1u kh\u00e1ch h\u00e0ng h\u01a1n th\u00f4ng qua chi\u1ebfn d\u1ecbch qu\u1ea3ng b\u00e1 th\u00f4ng minh.<\/p>\r\n<p>[\/vc_column_text][\/vc_column_inner][vc_column_inner][\/vc_column_inner][\/vc_row_inner][vc_empty_space height=&#8221;80px&#8221;][\/vc_column][\/vc_row][vc_row][vc_column][vc_column_text]<\/p>\r\n<p>[\/vc_column_text][\/vc_column][\/vc_row][vc_row row_type=&#8221;parallax&#8221; content_width=&#8221;grid&#8221; content_aligment=&#8221;center&#8221; full_screen_section_height=&#8221;no&#8221; parallax_background_image=&#8221;6999&#8243; css=&#8221;.vc_custom_1761280149231{padding-top: 157px !important;padding-bottom: 155px !important;}&#8221;][vc_column]\n<div class=\"qodef-custom-font-holder\" style=\"font-family: Raleway;font-size: 52px;line-height: 60px;font-weight: 700;letter-spacing: 0px;text-transform: Capitalize;text-align: center;color: #ffffff\" data-font-size= 52 data-line-height= 60>\n\tC\u00f9ng Alliex ki\u1ebfn t\u1ea1o th\u01b0\u01a1ng lai thanh to\u00e1n<\/div>[vc_empty_space height=&#8221;26px&#8221;][vc_column_text css=&#8221;.vc_custom_1761720305521{padding-right: 12% !important;padding-left: 12% !important;}&#8221;]<\/p>\r\n<h4><span style=\"color: #ffffff;\">K\u1ebft n\u1ed1i v\u1edbi \u0111\u1ed9i ng\u0169 chuy\u00ean gia c\u1ee7a ch\u00fang t\u00f4i ngay h\u00f4m nay v\u00e0 kh\u00e1m ph\u00e1 t\u01b0\u01a1ng lai c\u1ee7a gi\u1ea3i ph\u00e1p thanh to\u00e1n POS th\u00f4ng minh.<\/span><\/h4>\r\n<p>[\/vc_column_text][vc_empty_space height=&#8221;36px&#8221;]<a href=\"http:\/\/www.alli-ex.com\/?page_id=7777&#038;lang=en\" target=\"_self\" style=\"margin: 10px 7px\" class=\"qodef-btn qodef-btn-medium qodef-btn-solid qodef-btn-custom-hover-bg qodef-btn-custom-border-hover qodef-btn-custom-hover-color qodef-btn-hover-animation\" data-hover-color=\"#212121\" data-hover-border-color=\"#ffffff\" >\n            <span  style=\"background-color: #ffffff\"  class=\"qodef-animation-overlay\"><\/span>\n        <span class=\"qodef-btn-text\">Trao \u0111\u1ed5i v\u1edbi chuy\u00ean gia<\/span>\n    <span class=\"qodef-btn-text-icon\"><\/span>\n<\/a>[\/vc_column][\/vc_row]<\/p><\/div>","protected":false},"excerpt":{"rendered":"<a href=\"https:\/\/www.alli-ex.com\/?page_id=9353&lang=vi\"><img decoding=\"async\" width=\"300\" src=\"\" class=\"alignleft wp-post-image tfe\" alt=\"\" title=\"\" \/><\/a><p>[vc_row content_width=&#8221;grid&#8221; content_aligment=&#8221;center&#8221; css=&#8221;.vc_custom_1761548391432{padding-top: 65px !important;padding-bottom: 65px !important;background-color: #FFFFFF !important;}&#8221;][vc_column offset=&#8221;vc_col-lg-offset-2 vc_col-lg-8&#8243;][vc_column_text css=&#8221;&#8221;] M\u1edf r\u1ed9ng ti\u1ec1m n\u0103ng. N\u00e2ng cao hi\u1ec7u qu\u1ea3 [\/vc_column_text][vc_empty_space height=&#8221;80px&#8221;][\/vc_column][vc_column][vc_row_inner content_aligment=&#8221;center&#8221;][vc_column_inner width=&#8221;1\/3&#8243;][vc_empty_space height=&#8221;34px&#8221;][vc_column_text css=&#8221;&#8221;] M\u1edf r\u1ed9ng ngu\u1ed3n doanh thu [\/vc_column_text][vc_empty_space height=&#8221;19px&#8221;][vc_column_text css=&#8221;&#8221;] T\u1eadn d\u1ee5ng h\u1ec7 sinh th\u00e1i POS \u0111\u1ec3 khai th\u00e1c th\u00eam&#8230;<\/p>\n","protected":false},"author":1,"featured_media":0,"parent":0,"menu_order":0,"comment_status":"closed","ping_status":"closed","template":"full-width.php","meta":{"footnotes":""},"class_list":["post-9353","page","type-page","status-publish","hentry"],"_links":{"self":[{"href":"https:\/\/www.alli-ex.com\/index.php?rest_route=\/wp\/v2\/pages\/9353","targetHints":{"allow":["GET"]}}],"collection":[{"href":"https:\/\/www.alli-ex.com\/index.php?rest_route=\/wp\/v2\/pages"}],"about":[{"href":"https:\/\/www.alli-ex.com\/index.php?rest_route=\/wp\/v2\/types\/page"}],"author":[{"embeddable":true,"href":"https:\/\/www.alli-ex.com\/index.php?rest_route=\/wp\/v2\/users\/1"}],"replies":[{"embeddable":true,"href":"https:\/\/www.alli-ex.com\/index.php?rest_route=%2Fwp%2Fv2%2Fcomments&post=9353"}],"version-history":[{"count":2,"href":"https:\/\/www.alli-ex.com\/index.php?rest_route=\/wp\/v2\/pages\/9353\/revisions"}],"predecessor-version":[{"id":9355,"href":"https:\/\/www.alli-ex.com\/index.php?rest_route=\/wp\/v2\/pages\/9353\/revisions\/9355"}],"wp:attachment":[{"href":"https:\/\/www.alli-ex.com\/index.php?rest_route=%2Fwp%2Fv2%2Fmedia&parent=9353"}],"curies":[{"name":"wp","href":"https:\/\/api.w.org\/{rel}","templated":true}]}}